{"id":5191,"date":"2023-11-29T07:21:34","date_gmt":"2023-11-29T07:21:34","guid":{"rendered":"https:\/\/norddeco.lt\/paskyra\/"},"modified":"2024-02-12T12:16:05","modified_gmt":"2024-02-12T12:16:05","slug":"account","status":"publish","type":"page","link":"https:\/\/norddeco.lt\/en\/account\/","title":{"rendered":"Account"},"content":{"rendered":"<div class=\"woocommerce\">\r\n<div class=\"woocommerce-notices-wrapper\"><\/div>\r\n<div id=\"customer_login\" class=\"nm-myaccount-login\">\r\n    <div class=\"nm-myaccount-login-inner\">\r\n\t\t\r\n        <div id=\"nm-login-wrap\" class=\"inline slide-up fade-in\">\r\n            <h2>Log in<\/h2>\r\n    \r\n            <form method=\"post\" class=\"login\">\r\n    \t\t\t\r\n                                \r\n                    \r\n                <p class=\"form-row form-row-wide\">\r\n                    <label for=\"username\">Username or email address <span class=\"required\">*<\/span><\/label>\r\n                    <input type=\"text\" class=\"woocommerce-Input woocommerce-Input--text input-text\" name=\"username\" id=\"username\" value=\"\" \/>\r\n                <\/p>\r\n                <p class=\"form-row form-row-wide\">\r\n                    <label for=\"password\">Password <span class=\"required\">*<\/span><\/label>\r\n                    <input class=\"input-text\" type=\"password\" name=\"password\" id=\"password\" \/>\r\n                <\/p>\r\n    \r\n                                \r\n                <p class=\"form-row form-group\">\r\n                    <label class=\"woocommerce-form__label woocommerce-form__label-for-checkbox woocommerce-form-login__rememberme inline\">\r\n                        <input class=\"woocommerce-form__input woocommerce-form__input-checkbox\" name=\"rememberme\" type=\"checkbox\" id=\"rememberme\" value=\"forever\" \/> <span>Remember me<\/span>\r\n                    <\/label>\r\n                    \r\n                    <span class=\"woocommerce-LostPassword lost_password\">\r\n                        <a href=\"https:\/\/norddeco.lt\/en\/account\/password-reset\/\">Lost your password?<\/a>\r\n                    <\/span>\r\n                <\/p>\r\n                \r\n                <p class=\"form-actions\">\r\n                    <input type=\"hidden\" id=\"woocommerce-login-nonce\" name=\"woocommerce-login-nonce\" value=\"0a2d5a650c\" \/><input type=\"hidden\" name=\"_wp_http_referer\" value=\"\/en\/wp-json\/wp\/v2\/pages\/5191\" \/>                    <button type=\"submit\" class=\"woocommerce-button button woocommerce-form-login__submit\" name=\"login\" value=\"Log in\">Log in<\/button>\r\n                    \r\n                                        <div class=\"nm-login-form-divider\"><span>Or<\/span><\/div>\r\n                    \r\n                    <a href=\"#\" id=\"nm-show-register-button\" class=\"button border\">Create an account<\/a>\r\n                                    <\/p>\r\n                \r\n                    \r\n            <\/form>\r\n        <\/div>\r\n\r\n        \r\n        <div id=\"nm-register-wrap\">\r\n            <h2>Register<\/h2>\r\n    \r\n            <form method=\"post\" class=\"register\">\r\n    \t\t\t\r\n                                \r\n                    \r\n                    \r\n                <p class=\"form-row form-row-wide\">\r\n                    <label for=\"reg_email\">Email address <span class=\"required\">*<\/span><\/label>\r\n                    <input type=\"email\" class=\"woocommerce-Input woocommerce-Input--text input-text\" name=\"email\" id=\"reg_email\" value=\"\" \/>\r\n                <\/p>\r\n    \r\n                                \r\n                    <p>A link to set a new password will be sent to your email address.<\/p>\r\n                \r\n                                \r\n                <input type=\"hidden\" name=\"wc_order_attribution_source_type\" value=\"\" \/><input type=\"hidden\" name=\"wc_order_attribution_referrer\" value=\"\" \/><input type=\"hidden\" name=\"wc_order_attribution_utm_campaign\" value=\"\" \/><input type=\"hidden\" name=\"wc_order_attribution_utm_source\" value=\"\" \/><input type=\"hidden\" name=\"wc_order_attribution_utm_medium\" value=\"\" \/><input type=\"hidden\" name=\"wc_order_attribution_utm_content\" value=\"\" \/><input type=\"hidden\" name=\"wc_order_attribution_utm_id\" value=\"\" \/><input type=\"hidden\" name=\"wc_order_attribution_utm_term\" value=\"\" \/><input type=\"hidden\" name=\"wc_order_attribution_session_entry\" value=\"\" \/><input type=\"hidden\" name=\"wc_order_attribution_session_start_time\" value=\"\" \/><input type=\"hidden\" name=\"wc_order_attribution_session_pages\" value=\"\" \/><input type=\"hidden\" name=\"wc_order_attribution_session_count\" value=\"\" \/><input type=\"hidden\" name=\"wc_order_attribution_user_agent\" value=\"\" \/><div class=\"woocommerce-privacy-policy-text\"><p>J\u016bs\u0173 asmens duomenys bus naudojami darant galutin\u012f u\u017esakym\u0105 bei u\u017etikrinant geresn\u012f apsipirkin\u0117jim\u0105 m\u016bs\u0173 svetain\u0117je. Detaliau apie visk\u0105 galite pasiskaityti m\u016bs\u0173 <a href=\"https:\/\/norddeco.lt\/privatumo-politika\/\" class=\"woocommerce-privacy-policy-link\" target=\"_blank\">privacy policy<\/a>.<\/p>\n<\/div>                \r\n                <p class=\"form-actions\">\r\n                    <input type=\"hidden\" id=\"woocommerce-register-nonce\" name=\"woocommerce-register-nonce\" value=\"b0beda4325\" \/><input type=\"hidden\" name=\"_wp_http_referer\" value=\"\/en\/wp-json\/wp\/v2\/pages\/5191\" \/>                    <button type=\"submit\" class=\"woocommerce-Button woocommerce-button button woocommerce-form-register__submit\" name=\"register\" value=\"Register\">Register<\/button>\r\n                    \r\n                                        <div class=\"nm-login-form-divider\"><span>Or<\/span><\/div>\r\n                    \r\n                    <a href=\"#\" id=\"nm-show-login-button\" class=\"button border\">Log in<\/a>\r\n                                    <\/p>\r\n                \r\n                    \r\n            <\/form>\r\n        <\/div>\r\n    \r\n        \r\n            \r\n    <\/div>\r\n<\/div>\r\n<\/div>\n","protected":false},"excerpt":{"rendered":"","protected":false},"author":1,"featured_media":0,"parent":0,"menu_order":0,"comment_status":"closed","ping_status":"closed","template":"","meta":{"footnotes":""},"class_list":["post-5191","page","type-page","status-publish","hentry"],"yoast_head":"<!-- This site is optimized with the Yoast SEO plugin v27.4 - https:\/\/yoast.com\/product\/yoast-seo-wordpress\/ -->\n<title>Account - NordDECO - Skandinavi\u0161ko Stiliaus Med\u017eio Gaminiai<\/title>\n<meta name=\"robots\" content=\"index, follow, max-snippet:-1, max-image-preview:large, max-video-preview:-1\" \/>\n<link rel=\"canonical\" href=\"https:\/\/norddeco.lt\/en\/account\/\" \/>\n<meta property=\"og:locale\" content=\"en_US\" \/>\n<meta property=\"og:type\" content=\"article\" \/>\n<meta property=\"og:title\" content=\"Account - NordDECO - Skandinavi\u0161ko Stiliaus Med\u017eio Gaminiai\" \/>\n<meta property=\"og:url\" content=\"https:\/\/norddeco.lt\/en\/account\/\" \/>\n<meta property=\"og:site_name\" content=\"NordDECO - Skandinavi\u0161ko Stiliaus Med\u017eio Gaminiai\" \/>\n<meta property=\"article:modified_time\" content=\"2024-02-12T12:16:05+00:00\" \/>\n<meta name=\"twitter:card\" content=\"summary_large_image\" \/>\n<script type=\"application\/ld+json\" class=\"yoast-schema-graph\">{\"@context\":\"https:\\\/\\\/schema.org\",\"@graph\":[{\"@type\":\"WebPage\",\"@id\":\"https:\\\/\\\/norddeco.lt\\\/en\\\/account\\\/\",\"url\":\"https:\\\/\\\/norddeco.lt\\\/en\\\/account\\\/\",\"name\":\"Account - NordDECO - Skandinavi\u0161ko Stiliaus Med\u017eio Gaminiai\",\"isPartOf\":{\"@id\":\"https:\\\/\\\/norddeco.lt\\\/en\\\/#website\"},\"datePublished\":\"2023-11-29T07:21:34+00:00\",\"dateModified\":\"2024-02-12T12:16:05+00:00\",\"breadcrumb\":{\"@id\":\"https:\\\/\\\/norddeco.lt\\\/en\\\/account\\\/#breadcrumb\"},\"inLanguage\":\"en-US\",\"potentialAction\":[{\"@type\":\"ReadAction\",\"target\":[\"https:\\\/\\\/norddeco.lt\\\/en\\\/account\\\/\"]}]},{\"@type\":\"BreadcrumbList\",\"@id\":\"https:\\\/\\\/norddeco.lt\\\/en\\\/account\\\/#breadcrumb\",\"itemListElement\":[{\"@type\":\"ListItem\",\"position\":1,\"name\":\"Home\",\"item\":\"https:\\\/\\\/norddeco.lt\\\/en\\\/\"},{\"@type\":\"ListItem\",\"position\":2,\"name\":\"Account\"}]},{\"@type\":\"WebSite\",\"@id\":\"https:\\\/\\\/norddeco.lt\\\/en\\\/#website\",\"url\":\"https:\\\/\\\/norddeco.lt\\\/en\\\/\",\"name\":\"NordDECO - Skandinavi\u0161ko Stiliaus Med\u017eio Gaminiai\",\"description\":\"\",\"publisher\":{\"@id\":\"https:\\\/\\\/norddeco.lt\\\/en\\\/#organization\"},\"potentialAction\":[{\"@type\":\"SearchAction\",\"target\":{\"@type\":\"EntryPoint\",\"urlTemplate\":\"https:\\\/\\\/norddeco.lt\\\/en\\\/?s={search_term_string}\"},\"query-input\":{\"@type\":\"PropertyValueSpecification\",\"valueRequired\":true,\"valueName\":\"search_term_string\"}}],\"inLanguage\":\"en-US\"},{\"@type\":\"Organization\",\"@id\":\"https:\\\/\\\/norddeco.lt\\\/en\\\/#organization\",\"name\":\"NordDECO - Skandinavi\u0161ko Stiliaus Med\u017eio Gaminiai\",\"url\":\"https:\\\/\\\/norddeco.lt\\\/en\\\/\",\"logo\":{\"@type\":\"ImageObject\",\"inLanguage\":\"en-US\",\"@id\":\"https:\\\/\\\/norddeco.lt\\\/en\\\/#\\\/schema\\\/logo\\\/image\\\/\",\"url\":\"https:\\\/\\\/norddeco.lt\\\/wp-content\\\/uploads\\\/2023\\\/11\\\/NordDECO-logo-1024x724-1.png\",\"contentUrl\":\"https:\\\/\\\/norddeco.lt\\\/wp-content\\\/uploads\\\/2023\\\/11\\\/NordDECO-logo-1024x724-1.png\",\"width\":1024,\"height\":724,\"caption\":\"NordDECO - Skandinavi\u0161ko Stiliaus Med\u017eio Gaminiai\"},\"image\":{\"@id\":\"https:\\\/\\\/norddeco.lt\\\/en\\\/#\\\/schema\\\/logo\\\/image\\\/\"}}]}<\/script>\n<!-- \/ Yoast SEO plugin. -->","yoast_head_json":{"title":"Account - NordDECO - Skandinavi\u0161ko Stiliaus Med\u017eio Gaminiai","robots":{"index":"index","follow":"follow","max-snippet":"max-snippet:-1","max-image-preview":"max-image-preview:large","max-video-preview":"max-video-preview:-1"},"canonical":"https:\/\/norddeco.lt\/en\/account\/","og_locale":"en_US","og_type":"article","og_title":"Account - NordDECO - Skandinavi\u0161ko Stiliaus Med\u017eio Gaminiai","og_url":"https:\/\/norddeco.lt\/en\/account\/","og_site_name":"NordDECO - Skandinavi\u0161ko Stiliaus Med\u017eio Gaminiai","article_modified_time":"2024-02-12T12:16:05+00:00","twitter_card":"summary_large_image","schema":{"@context":"https:\/\/schema.org","@graph":[{"@type":"WebPage","@id":"https:\/\/norddeco.lt\/en\/account\/","url":"https:\/\/norddeco.lt\/en\/account\/","name":"Account - NordDECO - Skandinavi\u0161ko Stiliaus Med\u017eio Gaminiai","isPartOf":{"@id":"https:\/\/norddeco.lt\/en\/#website"},"datePublished":"2023-11-29T07:21:34+00:00","dateModified":"2024-02-12T12:16:05+00:00","breadcrumb":{"@id":"https:\/\/norddeco.lt\/en\/account\/#breadcrumb"},"inLanguage":"en-US","potentialAction":[{"@type":"ReadAction","target":["https:\/\/norddeco.lt\/en\/account\/"]}]},{"@type":"BreadcrumbList","@id":"https:\/\/norddeco.lt\/en\/account\/#breadcrumb","itemListElement":[{"@type":"ListItem","position":1,"name":"Home","item":"https:\/\/norddeco.lt\/en\/"},{"@type":"ListItem","position":2,"name":"Account"}]},{"@type":"WebSite","@id":"https:\/\/norddeco.lt\/en\/#website","url":"https:\/\/norddeco.lt\/en\/","name":"NordDECO - Skandinavi\u0161ko Stiliaus Med\u017eio Gaminiai","description":"","publisher":{"@id":"https:\/\/norddeco.lt\/en\/#organization"},"potentialAction":[{"@type":"SearchAction","target":{"@type":"EntryPoint","urlTemplate":"https:\/\/norddeco.lt\/en\/?s={search_term_string}"},"query-input":{"@type":"PropertyValueSpecification","valueRequired":true,"valueName":"search_term_string"}}],"inLanguage":"en-US"},{"@type":"Organization","@id":"https:\/\/norddeco.lt\/en\/#organization","name":"NordDECO - Skandinavi\u0161ko Stiliaus Med\u017eio Gaminiai","url":"https:\/\/norddeco.lt\/en\/","logo":{"@type":"ImageObject","inLanguage":"en-US","@id":"https:\/\/norddeco.lt\/en\/#\/schema\/logo\/image\/","url":"https:\/\/norddeco.lt\/wp-content\/uploads\/2023\/11\/NordDECO-logo-1024x724-1.png","contentUrl":"https:\/\/norddeco.lt\/wp-content\/uploads\/2023\/11\/NordDECO-logo-1024x724-1.png","width":1024,"height":724,"caption":"NordDECO - Skandinavi\u0161ko Stiliaus Med\u017eio Gaminiai"},"image":{"@id":"https:\/\/norddeco.lt\/en\/#\/schema\/logo\/image\/"}}]}},"_links":{"self":[{"href":"https:\/\/norddeco.lt\/en\/wp-json\/wp\/v2\/pages\/5191","targetHints":{"allow":["GET"]}}],"collection":[{"href":"https:\/\/norddeco.lt\/en\/wp-json\/wp\/v2\/pages"}],"about":[{"href":"https:\/\/norddeco.lt\/en\/wp-json\/wp\/v2\/types\/page"}],"author":[{"embeddable":true,"href":"https:\/\/norddeco.lt\/en\/wp-json\/wp\/v2\/users\/1"}],"replies":[{"embeddable":true,"href":"https:\/\/norddeco.lt\/en\/wp-json\/wp\/v2\/comments?post=5191"}],"version-history":[{"count":1,"href":"https:\/\/norddeco.lt\/en\/wp-json\/wp\/v2\/pages\/5191\/revisions"}],"predecessor-version":[{"id":8087,"href":"https:\/\/norddeco.lt\/en\/wp-json\/wp\/v2\/pages\/5191\/revisions\/8087"}],"wp:attachment":[{"href":"https:\/\/norddeco.lt\/en\/wp-json\/wp\/v2\/media?parent=5191"}],"curies":[{"name":"wp","href":"https:\/\/api.w.org\/{rel}","templated":true}]}}