{"id":5153,"date":"2023-12-22T05:51:18","date_gmt":"2023-12-22T05:51:18","guid":{"rendered":"https:\/\/norddeco.lt\/naujienos-es-finansuojami-projektai\/"},"modified":"2024-02-12T12:11:10","modified_gmt":"2024-02-12T12:11:10","slug":"actualites-les-projets-finances-par-lue","status":"publish","type":"page","link":"https:\/\/norddeco.lt\/fr\/actualites-les-projets-finances-par-lue\/","title":{"rendered":"Actualit\u00e9s Les projets financ\u00e9s par l&rsquo;UE"},"content":{"rendered":"\t\t<div data-elementor-type=\"wp-page\" data-elementor-id=\"5153\" class=\"elementor elementor-5153 elementor-3996\" data-elementor-post-type=\"page\">\n\t\t\t\t\t\t<section class=\"elementor-section elementor-top-section elementor-element elementor-element-e8523f3 elementor-section-boxed elementor-section-height-default elementor-section-height-default\" data-id=\"e8523f3\" data-element_type=\"section\" data-e-type=\"section\">\n\t\t\t\t\t\t<div class=\"elementor-container elementor-column-gap-extended\">\n\t\t\t\t\t<div class=\"elementor-column elementor-col-100 elementor-top-column elementor-element elementor-element-ab8b257\" data-id=\"ab8b257\" data-element_type=\"column\" data-e-type=\"column\">\n\t\t\t<div class=\"elementor-widget-wrap elementor-element-populated\">\n\t\t\t\t\t\t<div class=\"elementor-element elementor-element-7fd9b67 elementor-widget elementor-widget-heading\" data-id=\"7fd9b67\" data-element_type=\"widget\" data-e-type=\"widget\" data-widget_type=\"heading.default\">\n\t\t\t\t<div class=\"elementor-widget-container\">\n\t\t\t\t\t<h1 class=\"elementor-heading-title elementor-size-default\">Les projets financ\u00e9s par l'UE<\/h1>\t\t\t\t<\/div>\n\t\t\t\t<\/div>\n\t\t\t\t<div class=\"elementor-element elementor-element-3a257c7 elementor-widget elementor-widget-nm-posts\" data-id=\"3a257c7\" data-element_type=\"widget\" data-e-type=\"widget\" data-widget_type=\"nm-posts.default\">\n\t\t\t\t<div class=\"elementor-widget-container\">\n\t\t\t\t\t        <div class=\"nm-posts nm-blog-grid\">\r\n            <ul class=\"xsmall-block-grid-1 small-block-grid-1 medium-block-grid-2 large-block-grid-3\">\r\n                            <li class=\"post-6092 post type-post status-publish format-standard has-post-thumbnail hentry category-projets-europeens tag-feature-fr\">\r\n                                        <div class=\"nm-post-thumbnail\">\r\n                        <a href=\"https:\/\/norddeco.lt\/fr\/norddeco-exportations-projet\/\">\r\n                            <img fetchpriority=\"high\" decoding=\"async\" width=\"1024\" height=\"768\" src=\"https:\/\/norddeco.lt\/wp-content\/uploads\/2023\/12\/ES_projektas_8.jpg\" class=\"attachment- size- wp-post-image\" alt=\"\" srcset=\"https:\/\/norddeco.lt\/wp-content\/uploads\/2023\/12\/ES_projektas_8.jpg 1024w, https:\/\/norddeco.lt\/wp-content\/uploads\/2023\/12\/ES_projektas_8-300x225.jpg 300w, https:\/\/norddeco.lt\/wp-content\/uploads\/2023\/12\/ES_projektas_8-768x576.jpg 768w, https:\/\/norddeco.lt\/wp-content\/uploads\/2023\/12\/ES_projektas_8-350x263.jpg 350w, https:\/\/norddeco.lt\/wp-content\/uploads\/2023\/12\/ES_projektas_8-680x510.jpg 680w\" sizes=\"(max-width: 1024px) 100vw, 1024px\" \/>                            <div class=\"nm-image-overlay\"><\/div>\r\n                        <\/a>\r\n                    <\/div>\r\n                                        \r\n                    <div class=\"nm-post-meta\">\r\n                        <span>2023 D\u00e9c 22<\/span>\r\n                    <\/div>\r\n                    \r\n                    <h2 class=\"nm-post-title\"><a href=\"https:\/\/norddeco.lt\/fr\/norddeco-exportations-projet\/\">Projet de d\u00e9veloppement des exportations NordDECO<\/a><\/h2>\r\n                    \r\n                                    <\/li>\r\n                            <li class=\"post-6095 post type-post status-publish format-standard has-post-thumbnail hentry category-projets-europeens tag-feature-fr\">\r\n                                        <div class=\"nm-post-thumbnail\">\r\n                        <a href=\"https:\/\/norddeco.lt\/fr\/norddeco-projet-commerce-electronique\/\">\r\n                            <img decoding=\"async\" width=\"1024\" height=\"724\" src=\"https:\/\/norddeco.lt\/wp-content\/uploads\/2023\/11\/NordDECO-logo-1024x724-1.png\" class=\"attachment- size- wp-post-image\" alt=\"\" srcset=\"https:\/\/norddeco.lt\/wp-content\/uploads\/2023\/11\/NordDECO-logo-1024x724-1.png 1024w, https:\/\/norddeco.lt\/wp-content\/uploads\/2023\/11\/NordDECO-logo-1024x724-1-350x247.png 350w, https:\/\/norddeco.lt\/wp-content\/uploads\/2023\/11\/NordDECO-logo-1024x724-1-680x481.png 680w, https:\/\/norddeco.lt\/wp-content\/uploads\/2023\/11\/NordDECO-logo-1024x724-1-300x212.png 300w, https:\/\/norddeco.lt\/wp-content\/uploads\/2023\/11\/NordDECO-logo-1024x724-1-768x543.png 768w\" sizes=\"(max-width: 1024px) 100vw, 1024px\" \/>                            <div class=\"nm-image-overlay\"><\/div>\r\n                        <\/a>\r\n                    <\/div>\r\n                                        \r\n                    <div class=\"nm-post-meta\">\r\n                        <span>2023 D\u00e9c 22<\/span>\r\n                    <\/div>\r\n                    \r\n                    <h2 class=\"nm-post-title\"><a href=\"https:\/\/norddeco.lt\/fr\/norddeco-projet-commerce-electronique\/\">NordDECO Projet de mise en \u0153uvre d&rsquo;un mod\u00e8le de commerce \u00e9lectronique<\/a><\/h2>\r\n                    \r\n                                    <\/li>\r\n                        <\/ul>\r\n        <\/div>\r\n        \t\t\t\t<\/div>\n\t\t\t\t<\/div>\n\t\t\t\t\t<\/div>\n\t\t<\/div>\n\t\t\t\t\t<\/div>\n\t\t<\/section>\n\t\t\t\t<\/div>\n\t\t","protected":false},"excerpt":{"rendered":"<p>Les projets financ\u00e9s par l&rsquo;UE 2023 22 gruod\u017eio NordDECO eksporto pl\u0117tros projektas 2023 22 gruod\u017eio NordDECO e. komercijos modelio diegimo projektas<\/p>\n","protected":false},"author":1,"featured_media":0,"parent":0,"menu_order":0,"comment_status":"closed","ping_status":"closed","template":"","meta":{"footnotes":""},"class_list":["post-5153","page","type-page","status-publish","hentry"],"yoast_head":"<!-- This site is optimized with the Yoast SEO plugin v27.4 - https:\/\/yoast.com\/product\/yoast-seo-wordpress\/ -->\n<title>Actualit\u00e9s Les projets financ\u00e9s par l&#039;UE - NordDECO - Skandinavi\u0161ko Stiliaus Med\u017eio Gaminiai<\/title>\n<meta name=\"robots\" content=\"index, follow, max-snippet:-1, max-image-preview:large, max-video-preview:-1\" \/>\n<link rel=\"canonical\" href=\"https:\/\/norddeco.lt\/fr\/actualites-les-projets-finances-par-lue\/\" \/>\n<meta property=\"og:locale\" content=\"fr_FR\" \/>\n<meta property=\"og:type\" content=\"article\" \/>\n<meta property=\"og:title\" content=\"Actualit\u00e9s Les projets financ\u00e9s par l&#039;UE - NordDECO - Skandinavi\u0161ko Stiliaus Med\u017eio Gaminiai\" \/>\n<meta property=\"og:description\" content=\"Les projets financ\u00e9s par l&rsquo;UE 2023 22 gruod\u017eio NordDECO eksporto pl\u0117tros projektas 2023 22 gruod\u017eio NordDECO e. komercijos modelio diegimo projektas\" \/>\n<meta property=\"og:url\" content=\"https:\/\/norddeco.lt\/fr\/actualites-les-projets-finances-par-lue\/\" \/>\n<meta property=\"og:site_name\" content=\"NordDECO - Skandinavi\u0161ko Stiliaus Med\u017eio Gaminiai\" \/>\n<meta property=\"article:modified_time\" content=\"2024-02-12T12:11:10+00:00\" \/>\n<meta property=\"og:image\" content=\"https:\/\/norddeco.lt\/wp-content\/uploads\/2023\/12\/ES_projektas_8.jpg\" \/>\n<meta name=\"twitter:card\" content=\"summary_large_image\" \/>\n<script type=\"application\/ld+json\" class=\"yoast-schema-graph\">{\"@context\":\"https:\\\/\\\/schema.org\",\"@graph\":[{\"@type\":\"WebPage\",\"@id\":\"https:\\\/\\\/norddeco.lt\\\/fr\\\/actualites-les-projets-finances-par-lue\\\/\",\"url\":\"https:\\\/\\\/norddeco.lt\\\/fr\\\/actualites-les-projets-finances-par-lue\\\/\",\"name\":\"Actualit\u00e9s Les projets financ\u00e9s par l'UE - NordDECO - Skandinavi\u0161ko Stiliaus Med\u017eio Gaminiai\",\"isPartOf\":{\"@id\":\"https:\\\/\\\/norddeco.lt\\\/fr\\\/#website\"},\"primaryImageOfPage\":{\"@id\":\"https:\\\/\\\/norddeco.lt\\\/fr\\\/actualites-les-projets-finances-par-lue\\\/#primaryimage\"},\"image\":{\"@id\":\"https:\\\/\\\/norddeco.lt\\\/fr\\\/actualites-les-projets-finances-par-lue\\\/#primaryimage\"},\"thumbnailUrl\":\"https:\\\/\\\/norddeco.lt\\\/wp-content\\\/uploads\\\/2023\\\/12\\\/ES_projektas_8.jpg\",\"datePublished\":\"2023-12-22T05:51:18+00:00\",\"dateModified\":\"2024-02-12T12:11:10+00:00\",\"breadcrumb\":{\"@id\":\"https:\\\/\\\/norddeco.lt\\\/fr\\\/actualites-les-projets-finances-par-lue\\\/#breadcrumb\"},\"inLanguage\":\"fr-FR\",\"potentialAction\":[{\"@type\":\"ReadAction\",\"target\":[\"https:\\\/\\\/norddeco.lt\\\/fr\\\/actualites-les-projets-finances-par-lue\\\/\"]}]},{\"@type\":\"ImageObject\",\"inLanguage\":\"fr-FR\",\"@id\":\"https:\\\/\\\/norddeco.lt\\\/fr\\\/actualites-les-projets-finances-par-lue\\\/#primaryimage\",\"url\":\"https:\\\/\\\/norddeco.lt\\\/wp-content\\\/uploads\\\/2023\\\/12\\\/ES_projektas_8.jpg\",\"contentUrl\":\"https:\\\/\\\/norddeco.lt\\\/wp-content\\\/uploads\\\/2023\\\/12\\\/ES_projektas_8.jpg\"},{\"@type\":\"BreadcrumbList\",\"@id\":\"https:\\\/\\\/norddeco.lt\\\/fr\\\/actualites-les-projets-finances-par-lue\\\/#breadcrumb\",\"itemListElement\":[{\"@type\":\"ListItem\",\"position\":1,\"name\":\"Home\",\"item\":\"https:\\\/\\\/norddeco.lt\\\/fr\\\/\"},{\"@type\":\"ListItem\",\"position\":2,\"name\":\"Actualit\u00e9s Les projets financ\u00e9s par l&rsquo;UE\"}]},{\"@type\":\"WebSite\",\"@id\":\"https:\\\/\\\/norddeco.lt\\\/fr\\\/#website\",\"url\":\"https:\\\/\\\/norddeco.lt\\\/fr\\\/\",\"name\":\"NordDECO - Skandinavi\u0161ko Stiliaus Med\u017eio Gaminiai\",\"description\":\"\",\"publisher\":{\"@id\":\"https:\\\/\\\/norddeco.lt\\\/fr\\\/#organization\"},\"potentialAction\":[{\"@type\":\"SearchAction\",\"target\":{\"@type\":\"EntryPoint\",\"urlTemplate\":\"https:\\\/\\\/norddeco.lt\\\/fr\\\/?s={search_term_string}\"},\"query-input\":{\"@type\":\"PropertyValueSpecification\",\"valueRequired\":true,\"valueName\":\"search_term_string\"}}],\"inLanguage\":\"fr-FR\"},{\"@type\":\"Organization\",\"@id\":\"https:\\\/\\\/norddeco.lt\\\/fr\\\/#organization\",\"name\":\"NordDECO - Skandinavi\u0161ko Stiliaus Med\u017eio Gaminiai\",\"url\":\"https:\\\/\\\/norddeco.lt\\\/fr\\\/\",\"logo\":{\"@type\":\"ImageObject\",\"inLanguage\":\"fr-FR\",\"@id\":\"https:\\\/\\\/norddeco.lt\\\/fr\\\/#\\\/schema\\\/logo\\\/image\\\/\",\"url\":\"https:\\\/\\\/norddeco.lt\\\/wp-content\\\/uploads\\\/2023\\\/11\\\/NordDECO-logo-1024x724-1.png\",\"contentUrl\":\"https:\\\/\\\/norddeco.lt\\\/wp-content\\\/uploads\\\/2023\\\/11\\\/NordDECO-logo-1024x724-1.png\",\"width\":1024,\"height\":724,\"caption\":\"NordDECO - Skandinavi\u0161ko Stiliaus Med\u017eio Gaminiai\"},\"image\":{\"@id\":\"https:\\\/\\\/norddeco.lt\\\/fr\\\/#\\\/schema\\\/logo\\\/image\\\/\"}}]}<\/script>\n<!-- \/ Yoast SEO plugin. -->","yoast_head_json":{"title":"Actualit\u00e9s Les projets financ\u00e9s par l'UE - NordDECO - Skandinavi\u0161ko Stiliaus Med\u017eio Gaminiai","robots":{"index":"index","follow":"follow","max-snippet":"max-snippet:-1","max-image-preview":"max-image-preview:large","max-video-preview":"max-video-preview:-1"},"canonical":"https:\/\/norddeco.lt\/fr\/actualites-les-projets-finances-par-lue\/","og_locale":"fr_FR","og_type":"article","og_title":"Actualit\u00e9s Les projets financ\u00e9s par l'UE - NordDECO - Skandinavi\u0161ko Stiliaus Med\u017eio Gaminiai","og_description":"Les projets financ\u00e9s par l&rsquo;UE 2023 22 gruod\u017eio NordDECO eksporto pl\u0117tros projektas 2023 22 gruod\u017eio NordDECO e. komercijos modelio diegimo projektas","og_url":"https:\/\/norddeco.lt\/fr\/actualites-les-projets-finances-par-lue\/","og_site_name":"NordDECO - Skandinavi\u0161ko Stiliaus Med\u017eio Gaminiai","article_modified_time":"2024-02-12T12:11:10+00:00","og_image":[{"url":"https:\/\/norddeco.lt\/wp-content\/uploads\/2023\/12\/ES_projektas_8.jpg","type":"","width":"","height":""}],"twitter_card":"summary_large_image","schema":{"@context":"https:\/\/schema.org","@graph":[{"@type":"WebPage","@id":"https:\/\/norddeco.lt\/fr\/actualites-les-projets-finances-par-lue\/","url":"https:\/\/norddeco.lt\/fr\/actualites-les-projets-finances-par-lue\/","name":"Actualit\u00e9s Les projets financ\u00e9s par l'UE - NordDECO - Skandinavi\u0161ko Stiliaus Med\u017eio Gaminiai","isPartOf":{"@id":"https:\/\/norddeco.lt\/fr\/#website"},"primaryImageOfPage":{"@id":"https:\/\/norddeco.lt\/fr\/actualites-les-projets-finances-par-lue\/#primaryimage"},"image":{"@id":"https:\/\/norddeco.lt\/fr\/actualites-les-projets-finances-par-lue\/#primaryimage"},"thumbnailUrl":"https:\/\/norddeco.lt\/wp-content\/uploads\/2023\/12\/ES_projektas_8.jpg","datePublished":"2023-12-22T05:51:18+00:00","dateModified":"2024-02-12T12:11:10+00:00","breadcrumb":{"@id":"https:\/\/norddeco.lt\/fr\/actualites-les-projets-finances-par-lue\/#breadcrumb"},"inLanguage":"fr-FR","potentialAction":[{"@type":"ReadAction","target":["https:\/\/norddeco.lt\/fr\/actualites-les-projets-finances-par-lue\/"]}]},{"@type":"ImageObject","inLanguage":"fr-FR","@id":"https:\/\/norddeco.lt\/fr\/actualites-les-projets-finances-par-lue\/#primaryimage","url":"https:\/\/norddeco.lt\/wp-content\/uploads\/2023\/12\/ES_projektas_8.jpg","contentUrl":"https:\/\/norddeco.lt\/wp-content\/uploads\/2023\/12\/ES_projektas_8.jpg"},{"@type":"BreadcrumbList","@id":"https:\/\/norddeco.lt\/fr\/actualites-les-projets-finances-par-lue\/#breadcrumb","itemListElement":[{"@type":"ListItem","position":1,"name":"Home","item":"https:\/\/norddeco.lt\/fr\/"},{"@type":"ListItem","position":2,"name":"Actualit\u00e9s Les projets financ\u00e9s par l&rsquo;UE"}]},{"@type":"WebSite","@id":"https:\/\/norddeco.lt\/fr\/#website","url":"https:\/\/norddeco.lt\/fr\/","name":"NordDECO - Skandinavi\u0161ko Stiliaus Med\u017eio Gaminiai","description":"","publisher":{"@id":"https:\/\/norddeco.lt\/fr\/#organization"},"potentialAction":[{"@type":"SearchAction","target":{"@type":"EntryPoint","urlTemplate":"https:\/\/norddeco.lt\/fr\/?s={search_term_string}"},"query-input":{"@type":"PropertyValueSpecification","valueRequired":true,"valueName":"search_term_string"}}],"inLanguage":"fr-FR"},{"@type":"Organization","@id":"https:\/\/norddeco.lt\/fr\/#organization","name":"NordDECO - Skandinavi\u0161ko Stiliaus Med\u017eio Gaminiai","url":"https:\/\/norddeco.lt\/fr\/","logo":{"@type":"ImageObject","inLanguage":"fr-FR","@id":"https:\/\/norddeco.lt\/fr\/#\/schema\/logo\/image\/","url":"https:\/\/norddeco.lt\/wp-content\/uploads\/2023\/11\/NordDECO-logo-1024x724-1.png","contentUrl":"https:\/\/norddeco.lt\/wp-content\/uploads\/2023\/11\/NordDECO-logo-1024x724-1.png","width":1024,"height":724,"caption":"NordDECO - Skandinavi\u0161ko Stiliaus Med\u017eio Gaminiai"},"image":{"@id":"https:\/\/norddeco.lt\/fr\/#\/schema\/logo\/image\/"}}]}},"_links":{"self":[{"href":"https:\/\/norddeco.lt\/fr\/wp-json\/wp\/v2\/pages\/5153","targetHints":{"allow":["GET"]}}],"collection":[{"href":"https:\/\/norddeco.lt\/fr\/wp-json\/wp\/v2\/pages"}],"about":[{"href":"https:\/\/norddeco.lt\/fr\/wp-json\/wp\/v2\/types\/page"}],"author":[{"embeddable":true,"href":"https:\/\/norddeco.lt\/fr\/wp-json\/wp\/v2\/users\/1"}],"replies":[{"embeddable":true,"href":"https:\/\/norddeco.lt\/fr\/wp-json\/wp\/v2\/comments?post=5153"}],"version-history":[{"count":2,"href":"https:\/\/norddeco.lt\/fr\/wp-json\/wp\/v2\/pages\/5153\/revisions"}],"predecessor-version":[{"id":8080,"href":"https:\/\/norddeco.lt\/fr\/wp-json\/wp\/v2\/pages\/5153\/revisions\/8080"}],"wp:attachment":[{"href":"https:\/\/norddeco.lt\/fr\/wp-json\/wp\/v2\/media?parent=5153"}],"curies":[{"name":"wp","href":"https:\/\/api.w.org\/{rel}","templated":true}]}}