{"id":5156,"date":"2023-11-29T09:33:05","date_gmt":"2023-11-29T09:33:05","guid":{"rendered":"https:\/\/norddeco.lt\/pristatymas-ir-grazinimas\/"},"modified":"2024-04-08T11:15:27","modified_gmt":"2024-04-08T11:15:27","slug":"livraison-et-retour","status":"publish","type":"page","link":"https:\/\/norddeco.lt\/fr\/livraison-et-retour\/","title":{"rendered":"Livraison et retour"},"content":{"rendered":"\t\t<div data-elementor-type=\"wp-page\" data-elementor-id=\"5156\" class=\"elementor elementor-5156 elementor-2538\" data-elementor-post-type=\"page\">\n\t\t\t\t\t\t<section class=\"elementor-section elementor-top-section elementor-element elementor-element-e8523f3 elementor-section-boxed elementor-section-height-default elementor-section-height-default\" data-id=\"e8523f3\" data-element_type=\"section\" data-e-type=\"section\">\n\t\t\t\t\t\t<div class=\"elementor-container elementor-column-gap-extended\">\n\t\t\t\t\t<div class=\"elementor-column elementor-col-100 elementor-top-column elementor-element elementor-element-ab8b257\" data-id=\"ab8b257\" data-element_type=\"column\" data-e-type=\"column\">\n\t\t\t<div class=\"elementor-widget-wrap elementor-element-populated\">\n\t\t\t\t\t\t<div class=\"elementor-element elementor-element-276d26b elementor-widget elementor-widget-heading\" data-id=\"276d26b\" data-element_type=\"widget\" data-e-type=\"widget\" data-widget_type=\"heading.default\">\n\t\t\t\t<div class=\"elementor-widget-container\">\n\t\t\t\t\t<h2 class=\"elementor-heading-title elementor-size-default\">La livraison en Lituanie<\/h2>\t\t\t\t<\/div>\n\t\t\t\t<\/div>\n\t\t\t\t<div class=\"elementor-element elementor-element-c679475 elementor-widget elementor-widget-heading\" data-id=\"c679475\" data-element_type=\"widget\" data-e-type=\"widget\" data-widget_type=\"heading.default\">\n\t\t\t\t<div class=\"elementor-widget-container\">\n\t\t\t\t\t<h2 class=\"elementor-heading-title elementor-size-default\">Livraison avec DPD<\/h2>\t\t\t\t<\/div>\n\t\t\t\t<\/div>\n\t\t\t\t<div class=\"elementor-element elementor-element-dcb6441 elementor-widget elementor-widget-text-editor\" data-id=\"dcb6441\" data-element_type=\"widget\" data-e-type=\"widget\" data-widget_type=\"text-editor.default\">\n\t\t\t\t<div class=\"elementor-widget-container\">\n\t\t\t\t\t\t\t\t\t<p>Livraison GRATUITE en Lituanie \u00e0 votre point relais DPD Pickup choisi.<\/p>\n<p>*Si le colis ne rentre pas dans le point relais DPD en raison de sa taille, nous vous l&rsquo;enverrons gratuitement par coursier DPD \u00e0 l&rsquo;adresse que vous avez indiqu\u00e9e apr\u00e8s avoir contact\u00e9 le client.<\/p>\n<p>Lorsque le colis est livr\u00e9 au point relais DPD choisi, vous recevez un code par SMS pour r\u00e9cup\u00e9rer votre colis. Le colis doit \u00eatre r\u00e9cup\u00e9r\u00e9 au terminal dans les 72 heures suivant la r\u00e9ception du SMS. Les colis sont livr\u00e9s les jours ouvrables et le samedi (dans les grandes villes).<\/p>\n<p>Le co\u00fbt de la livraison avec DPD \u00e0 l&rsquo;adresse que vous avez indiqu\u00e9e en Lituanie (*sauf pour la r\u00e9gion de Neringa) &#8211; 3 \u20ac. <\/p>\n<p>Apr\u00e8s avoir envoy\u00e9 le colis avec DPD, vous recevrez un SMS. Si vous ne souhaitez pas que le coursier vous livre le colis, vous pouvez rediriger votre colis vers un point relais DPD en suivant le lien dans le SMS.<\/p>\n\t\t\t\t\t\t\t\t<\/div>\n\t\t\t\t<\/div>\n\t\t\t\t<div class=\"elementor-element elementor-element-bf725a1 elementor-widget elementor-widget-heading\" data-id=\"bf725a1\" data-element_type=\"widget\" data-e-type=\"widget\" data-widget_type=\"heading.default\">\n\t\t\t\t<div class=\"elementor-widget-container\">\n\t\t\t\t\t<h2 class=\"elementor-heading-title elementor-size-default\">Livraison par Poste Lituanienne\n\n<\/h2>\t\t\t\t<\/div>\n\t\t\t\t<\/div>\n\t\t\t\t<div class=\"elementor-element elementor-element-79cd516 elementor-widget elementor-widget-text-editor\" data-id=\"79cd516\" data-element_type=\"widget\" data-e-type=\"widget\" data-widget_type=\"text-editor.default\">\n\t\t\t\t<div class=\"elementor-widget-container\">\n\t\t\t\t\t\t\t\t\t<p>Nous envoyons les marchandises vers la r\u00e9gion de Neringa par courrier recommand\u00e9, au prix de 5 \u20ac.<\/p>\n\t\t\t\t\t\t\t\t<\/div>\n\t\t\t\t<\/div>\n\t\t\t\t<div class=\"elementor-element elementor-element-3c7e21c elementor-widget elementor-widget-heading\" data-id=\"3c7e21c\" data-element_type=\"widget\" data-e-type=\"widget\" data-widget_type=\"heading.default\">\n\t\t\t\t<div class=\"elementor-widget-container\">\n\t\t\t\t\t<h2 class=\"elementor-heading-title elementor-size-default\">Livraison \u00e0 l'\u00e9tranger<\/h2>\t\t\t\t<\/div>\n\t\t\t\t<\/div>\n\t\t\t\t<div class=\"elementor-element elementor-element-ccd6f60 elementor-widget elementor-widget-text-editor\" data-id=\"ccd6f60\" data-element_type=\"widget\" data-e-type=\"widget\" data-widget_type=\"text-editor.default\">\n\t\t\t\t<div class=\"elementor-widget-container\">\n\t\t\t\t\t\t\t\t\t<p>Nous livrons des produits vers les pays de l&rsquo;UE avec DPD Courier*, au prix de livraison de 15 EUR. La dur\u00e9e de livraison d\u00e9pend du pays &#8211; de 3 \u00e0 7 jours ouvrables.<\/p>\n<p>Nous livrons des produits au Royaume-Uni avec DPD Courier*, au prix de livraison de 20 EUR. La dur\u00e9e de livraison est de 5 \u00e0 7 jours ouvrables.<\/p>\n<p>Nous exp\u00e9dions des produits vers des pays hors de l&rsquo;UE par courrier recommand\u00e9 de la poste lituanienne, au prix de livraison de 30 EUR. Si le client le souhaite, moyennant des frais suppl\u00e9mentaires, nous pouvons exp\u00e9dier avec UPS Express.<\/p>\n<p>* Les prix sont indiqu\u00e9s hors \u00eeles et r\u00e9gions \u00e9loign\u00e9es (les prix sont v\u00e9rifi\u00e9s selon le code postal). <\/p>\n<p>Pour toute question concernant la livraison de produits vers d&rsquo;autres pays, veuillez nous contacter par e-mail \u00e0 <a href=\"mailto:info@norddeco.lt\">info@norddeco.lt<\/a><\/p>\n\t\t\t\t\t\t\t\t<\/div>\n\t\t\t\t<\/div>\n\t\t\t\t<div class=\"elementor-element elementor-element-69dc106 elementor-widget elementor-widget-heading\" data-id=\"69dc106\" data-element_type=\"widget\" data-e-type=\"widget\" data-widget_type=\"heading.default\">\n\t\t\t\t<div class=\"elementor-widget-container\">\n\t\t\t\t\t<h2 class=\"elementor-heading-title elementor-size-default\">Retours<\/h2>\t\t\t\t<\/div>\n\t\t\t\t<\/div>\n\t\t\t\t<div class=\"elementor-element elementor-element-590f49f elementor-widget elementor-widget-text-editor\" data-id=\"590f49f\" data-element_type=\"widget\" data-e-type=\"widget\" data-widget_type=\"text-editor.default\">\n\t\t\t\t<div class=\"elementor-widget-container\">\n\t\t\t\t\t\t\t\t\t<p>Le consommateur a le droit de retourner les produits achet\u00e9s dans un d\u00e9lai de 14 jours sans avoir \u00e0 fournir de motif. Le d\u00e9lai de retour des produits est calcul\u00e9 \u00e0 partir du jour suivant la r\u00e9ception des produits.<\/p>\n\t\t\t\t\t\t\t\t<\/div>\n\t\t\t\t<\/div>\n\t\t\t\t<div class=\"elementor-element elementor-element-427ee6b elementor-widget elementor-widget-heading\" data-id=\"427ee6b\" data-element_type=\"widget\" data-e-type=\"widget\" data-widget_type=\"heading.default\">\n\t\t\t\t<div class=\"elementor-widget-container\">\n\t\t\t\t\t<h2 class=\"elementor-heading-title elementor-size-default\">Produits non retournables<\/h2>\t\t\t\t<\/div>\n\t\t\t\t<\/div>\n\t\t\t\t<div class=\"elementor-element elementor-element-cf4843d elementor-widget elementor-widget-text-editor\" data-id=\"cf4843d\" data-element_type=\"widget\" data-e-type=\"widget\" data-widget_type=\"text-editor.default\">\n\t\t\t\t<div class=\"elementor-widget-container\">\n\t\t\t\t\t\t\t\t\t<p><span style=\"color: var( --e-global-color-text ); font-family: var( --e-global-typography-text-font-family ), Sans-serif; font-weight: var( --e-global-typography-text-font-weight );\">Lampes en bois fabriqu\u00e9es sur commande sp\u00e9ciale.<\/span><\/p>\n<p>Produits clairement adapt\u00e9s aux besoins personnels de l&rsquo;acheteur (par exemple, produits personnalis\u00e9s, avec des textes ou des symboles brod\u00e9s ou grav\u00e9s selon les souhaits du client\/acheteur, etc.).<\/p>\n<p>Coupons-cadeaux.<\/p>\n\t\t\t\t\t\t\t\t<\/div>\n\t\t\t\t<\/div>\n\t\t\t\t<div class=\"elementor-element elementor-element-aa4aa29 elementor-widget elementor-widget-heading\" data-id=\"aa4aa29\" data-element_type=\"widget\" data-e-type=\"widget\" data-widget_type=\"heading.default\">\n\t\t\t\t<div class=\"elementor-widget-container\">\n\t\t\t\t\t<h2 class=\"elementor-heading-title elementor-size-default\">Retour des colis\n\n<\/h2>\t\t\t\t<\/div>\n\t\t\t\t<\/div>\n\t\t\t\t<div class=\"elementor-element elementor-element-6e23740 elementor-widget elementor-widget-text-editor\" data-id=\"6e23740\" data-element_type=\"widget\" data-e-type=\"widget\" data-widget_type=\"text-editor.default\">\n\t\t\t\t<div class=\"elementor-widget-container\">\n\t\t\t\t\t\t\t\t\t<p>Le colis doit \u00eatre retourn\u00e9 \u00e0 l&rsquo;adresse suivante : UAB Nord DECO, Paneri\u0173 g. 43, Vilnius, LT-03202, Lituanie (T\u00e9l. : +37065577669).<\/p>\n<p>Pour retourner ou \u00e9changer un produit, l&rsquo;acheteur doit informer le vendeur par e-mail \u00e0 l&rsquo;adresse info@norddeco.lt en indiquant le num\u00e9ro de commande, le document d&rsquo;achat et en sp\u00e9cifiant les produits \u00e0 retourner ou \u00e0 \u00e9changer.<\/p>\n\t\t\t\t\t\t\t\t<\/div>\n\t\t\t\t<\/div>\n\t\t\t\t<div class=\"elementor-element elementor-element-2321b35 elementor-widget elementor-widget-heading\" data-id=\"2321b35\" data-element_type=\"widget\" data-e-type=\"widget\" data-widget_type=\"heading.default\">\n\t\t\t\t<div class=\"elementor-widget-container\">\n\t\t\t\t\t<h2 class=\"elementor-heading-title elementor-size-default\">L'acheteur peut retourner les produits:\n<\/h2>\t\t\t\t<\/div>\n\t\t\t\t<\/div>\n\t\t\t\t<div class=\"elementor-element elementor-element-d9dbdf9 elementor-widget elementor-widget-text-editor\" data-id=\"d9dbdf9\" data-element_type=\"widget\" data-e-type=\"widget\" data-widget_type=\"text-editor.default\">\n\t\t\t\t<div class=\"elementor-widget-container\">\n\t\t\t\t\t\t\t\t\t<p><\/p><p>par le biais d&rsquo;un point relais DPD (le retour est gratuit);<\/p>\n<p>par son service de messagerie choisi (les frais de retour sont \u00e0 la charge de l&rsquo;acheteur. Le retour dans les points relais n&rsquo;est pas possible). Le colis doit \u00eatre retourn\u00e9 \u00e0 l&rsquo;adresse suivante : UAB Nord DECO, Paneri\u0173 g. 43, 43, Vilnius, LT-03202, Lituanie (T\u00e9l. +37065577669);<\/p>\n<p>Lors du retour des articles \u00e0 l&rsquo;adresse &#8211; UAB Nord DECO, Paneri\u0173 g. 43, Vilnius, LT-03202, Lituanie (T\u00e9l. : +37065577669), pendant les jours ouvrables du lundi vendredi de 9h \u00e0 17h. Le client doit convenir d&rsquo;un horaire d&rsquo;arriv\u00e9e avec le vendeur par e-mail ou par t\u00e9l\u00e9phone au +37065577669.<\/p>\t\t\t\t\t\t\t\t<\/div>\n\t\t\t\t<\/div>\n\t\t\t\t<div class=\"elementor-element elementor-element-a41a1f0 elementor-widget elementor-widget-heading\" data-id=\"a41a1f0\" data-element_type=\"widget\" data-e-type=\"widget\" data-widget_type=\"heading.default\">\n\t\t\t\t<div class=\"elementor-widget-container\">\n\t\t\t\t\t<h2 class=\"elementor-heading-title elementor-size-default\">R\u00e8gles de Retour Gratuit<\/h2>\t\t\t\t<\/div>\n\t\t\t\t<\/div>\n\t\t\t\t<div class=\"elementor-element elementor-element-c325b88 elementor-widget elementor-widget-text-editor\" data-id=\"c325b88\" data-element_type=\"widget\" data-e-type=\"widget\" data-widget_type=\"text-editor.default\">\n\t\t\t\t<div class=\"elementor-widget-container\">\n\t\t\t\t\t\t\t\t\t<p>L&rsquo;acheteur a le droit de retourner les articles dans les 14 jours.Pirk\u0117jas gali gr\u0105\u017einti gaminius per 14 dien\u0173.<\/p>\n<p>Le retour gratuit est possible uniquement via un DPD Pickup.<\/p>\n<p>Le code PIN de retour du DPD Pickup ou le code QR g\u00e9n\u00e9r\u00e9 sera envoy\u00e9 par SMS ou par e-mail avec les informations de livraison des marchandises lorsque la commande sera r\u00e9cup\u00e9r\u00e9e au point relais.<\/p>\n<p>L&rsquo;article retourn\u00e9 doit \u00eatre correctement emball\u00e9. IMPORTANT &#8211; Veuillez retirer l&rsquo;ancienne \u00e9tiquette de livraison pr\u00e9sente sur le colis au moment de la r\u00e9ception.<\/p>\n<p>L&rsquo;\u00e9tiquette d&rsquo;exp\u00e9dition pour le retour des articles sera imprim\u00e9e au DPD Pickup en saisissant le code PIN ou le code QR attribu\u00e9 au retour (l&rsquo;\u00e9tiquette pr\u00e9sente sur le colis lors de la r\u00e9ception n&rsquo;est pas valable).<\/p>\n<p>L&rsquo;acheteur doit s&rsquo;assurer que les coordonn\u00e9es du vendeur et de l&rsquo;acheteur sur l&rsquo;\u00e9tiquette de retour sont correctes. Adresse du destinataire &#8211; UAB Nord DECO, Paneri\u0173 g. 43, Vilnius, LT-03202, Lituanie.<\/p>\n<p>Apr\u00e8s avoir imprim\u00e9 l&rsquo;\u00e9tiquette au DPD Pickup, celle-ci est coll\u00e9e sur l&#8217;emballage et le colis est d\u00e9pos\u00e9 au point relais.<\/p>\n\t\t\t\t\t\t\t\t<\/div>\n\t\t\t\t<\/div>\n\t\t\t\t<div class=\"elementor-element elementor-element-0cde156 elementor-widget elementor-widget-heading\" data-id=\"0cde156\" data-element_type=\"widget\" data-e-type=\"widget\" data-widget_type=\"heading.default\">\n\t\t\t\t<div class=\"elementor-widget-container\">\n\t\t\t\t\t<h2 class=\"elementor-heading-title elementor-size-default\">\u00c9change de produits\n<\/h2>\t\t\t\t<\/div>\n\t\t\t\t<\/div>\n\t\t\t\t<div class=\"elementor-element elementor-element-82b08f2 elementor-widget elementor-widget-text-editor\" data-id=\"82b08f2\" data-element_type=\"widget\" data-e-type=\"widget\" data-widget_type=\"text-editor.default\">\n\t\t\t\t<div class=\"elementor-widget-container\">\n\t\t\t\t\t\t\t\t\t<p>Les produits peuvent \u00eatre \u00e9chang\u00e9s dans les 14 jours suivant la r\u00e9ception. <\/p>\n<p><span style=\"color: var( --e-global-color-text ); font-family: var( --e-global-typography-text-font-family ), Sans-serif; font-weight: var( --e-global-typography-text-font-weight );\">IMPORTANT dans les cas de retour et d&rsquo;\u00e9change:<\/span><\/p>\n<p>Les produits ne sont pas accept\u00e9s ni \u00e9chang\u00e9s s&rsquo;ils ont \u00e9t\u00e9 utilis\u00e9s, port\u00e9s, tach\u00e9s, endommag\u00e9s, lav\u00e9s, etc. Les produits doivent \u00eatre complets, dans leur emballage d&rsquo;origine, avec les \u00e9tiquettes intactes, les films de protection non retir\u00e9s, etc.<\/p>\n<p>Lors de l&rsquo;utilisation des services de retour, le produit retourn\u00e9 doit \u00eatre emball\u00e9 dans le m\u00eame emballage que celui dans lequel il a \u00e9t\u00e9 re\u00e7u ou plac\u00e9 dans un emballage de protection suppl\u00e9mentaire appropri\u00e9 (bo\u00eete ou enveloppe de protection pour le transport).<\/p>\n<p>Le vendeur se r\u00e9serve le droit de refuser les produits retourn\u00e9s par l&rsquo;acheteur s&rsquo;ils ne respectent pas les conditions de retour des produits.<\/p>\n<p>Ces points ne s&rsquo;appliquent pas lorsque le produit retourn\u00e9 est d\u00e9fectueux.<\/p>\n\t\t\t\t\t\t\t\t<\/div>\n\t\t\t\t<\/div>\n\t\t\t\t\t<\/div>\n\t\t<\/div>\n\t\t\t\t\t<\/div>\n\t\t<\/section>\n\t\t\t\t<\/div>\n\t\t","protected":false},"excerpt":{"rendered":"<p>La livraison en Lituanie Livraison avec DPD Livraison GRATUITE en Lituanie \u00e0 votre point relais DPD Pickup choisi. *Si le colis ne rentre pas dans le point relais DPD en raison de sa taille, nous vous l&rsquo;enverrons gratuitement par coursier DPD \u00e0 l&rsquo;adresse que vous avez indiqu\u00e9e apr\u00e8s avoir contact\u00e9 le client. Lorsque le colis &hellip;<\/p>\n","protected":false},"author":1,"featured_media":0,"parent":0,"menu_order":0,"comment_status":"closed","ping_status":"closed","template":"","meta":{"footnotes":""},"class_list":["post-5156","page","type-page","status-publish","hentry"],"yoast_head":"<!-- This site is optimized with the Yoast SEO plugin v27.5 - https:\/\/yoast.com\/product\/yoast-seo-wordpress\/ -->\n<title>Livraison et retour - NordDECO - Skandinavi\u0161ko Stiliaus Med\u017eio Gaminiai<\/title>\n<meta name=\"robots\" content=\"index, follow, max-snippet:-1, max-image-preview:large, max-video-preview:-1\" \/>\n<link rel=\"canonical\" href=\"https:\/\/norddeco.lt\/fr\/livraison-et-retour\/\" \/>\n<meta property=\"og:locale\" content=\"fr_FR\" \/>\n<meta property=\"og:type\" content=\"article\" \/>\n<meta property=\"og:title\" content=\"Livraison et retour - NordDECO - Skandinavi\u0161ko Stiliaus Med\u017eio Gaminiai\" \/>\n<meta property=\"og:description\" content=\"La livraison en Lituanie Livraison avec DPD Livraison GRATUITE en Lituanie \u00e0 votre point relais DPD Pickup choisi. *Si le colis ne rentre pas dans le point relais DPD en raison de sa taille, nous vous l&rsquo;enverrons gratuitement par coursier DPD \u00e0 l&rsquo;adresse que vous avez indiqu\u00e9e apr\u00e8s avoir contact\u00e9 le client. Lorsque le colis &hellip;\" \/>\n<meta property=\"og:url\" content=\"https:\/\/norddeco.lt\/fr\/livraison-et-retour\/\" \/>\n<meta property=\"og:site_name\" content=\"NordDECO - Skandinavi\u0161ko Stiliaus Med\u017eio Gaminiai\" \/>\n<meta property=\"article:modified_time\" content=\"2024-04-08T11:15:27+00:00\" \/>\n<meta name=\"twitter:card\" content=\"summary_large_image\" \/>\n<meta name=\"twitter:label1\" content=\"Est. reading time\" \/>\n\t<meta name=\"twitter:data1\" content=\"5 minutes\" \/>\n<script type=\"application\/ld+json\" class=\"yoast-schema-graph\">{\"@context\":\"https:\\\/\\\/schema.org\",\"@graph\":[{\"@type\":\"WebPage\",\"@id\":\"https:\\\/\\\/norddeco.lt\\\/fr\\\/livraison-et-retour\\\/\",\"url\":\"https:\\\/\\\/norddeco.lt\\\/fr\\\/livraison-et-retour\\\/\",\"name\":\"Livraison et retour - NordDECO - Skandinavi\u0161ko Stiliaus Med\u017eio Gaminiai\",\"isPartOf\":{\"@id\":\"https:\\\/\\\/norddeco.lt\\\/fr\\\/#website\"},\"datePublished\":\"2023-11-29T09:33:05+00:00\",\"dateModified\":\"2024-04-08T11:15:27+00:00\",\"breadcrumb\":{\"@id\":\"https:\\\/\\\/norddeco.lt\\\/fr\\\/livraison-et-retour\\\/#breadcrumb\"},\"inLanguage\":\"fr-FR\",\"potentialAction\":[{\"@type\":\"ReadAction\",\"target\":[\"https:\\\/\\\/norddeco.lt\\\/fr\\\/livraison-et-retour\\\/\"]}]},{\"@type\":\"BreadcrumbList\",\"@id\":\"https:\\\/\\\/norddeco.lt\\\/fr\\\/livraison-et-retour\\\/#breadcrumb\",\"itemListElement\":[{\"@type\":\"ListItem\",\"position\":1,\"name\":\"Home\",\"item\":\"https:\\\/\\\/norddeco.lt\\\/fr\\\/\"},{\"@type\":\"ListItem\",\"position\":2,\"name\":\"Livraison et retour\"}]},{\"@type\":\"WebSite\",\"@id\":\"https:\\\/\\\/norddeco.lt\\\/fr\\\/#website\",\"url\":\"https:\\\/\\\/norddeco.lt\\\/fr\\\/\",\"name\":\"NordDECO - Skandinavi\u0161ko Stiliaus Med\u017eio Gaminiai\",\"description\":\"\",\"publisher\":{\"@id\":\"https:\\\/\\\/norddeco.lt\\\/fr\\\/#organization\"},\"potentialAction\":[{\"@type\":\"SearchAction\",\"target\":{\"@type\":\"EntryPoint\",\"urlTemplate\":\"https:\\\/\\\/norddeco.lt\\\/fr\\\/?s={search_term_string}\"},\"query-input\":{\"@type\":\"PropertyValueSpecification\",\"valueRequired\":true,\"valueName\":\"search_term_string\"}}],\"inLanguage\":\"fr-FR\"},{\"@type\":\"Organization\",\"@id\":\"https:\\\/\\\/norddeco.lt\\\/fr\\\/#organization\",\"name\":\"NordDECO - Skandinavi\u0161ko Stiliaus Med\u017eio Gaminiai\",\"url\":\"https:\\\/\\\/norddeco.lt\\\/fr\\\/\",\"logo\":{\"@type\":\"ImageObject\",\"inLanguage\":\"fr-FR\",\"@id\":\"https:\\\/\\\/norddeco.lt\\\/fr\\\/#\\\/schema\\\/logo\\\/image\\\/\",\"url\":\"https:\\\/\\\/norddeco.lt\\\/wp-content\\\/uploads\\\/2023\\\/11\\\/NordDECO-logo-1024x724-1.png\",\"contentUrl\":\"https:\\\/\\\/norddeco.lt\\\/wp-content\\\/uploads\\\/2023\\\/11\\\/NordDECO-logo-1024x724-1.png\",\"width\":1024,\"height\":724,\"caption\":\"NordDECO - Skandinavi\u0161ko Stiliaus Med\u017eio Gaminiai\"},\"image\":{\"@id\":\"https:\\\/\\\/norddeco.lt\\\/fr\\\/#\\\/schema\\\/logo\\\/image\\\/\"}}]}<\/script>\n<!-- \/ Yoast SEO plugin. -->","yoast_head_json":{"title":"Livraison et retour - NordDECO - Skandinavi\u0161ko Stiliaus Med\u017eio Gaminiai","robots":{"index":"index","follow":"follow","max-snippet":"max-snippet:-1","max-image-preview":"max-image-preview:large","max-video-preview":"max-video-preview:-1"},"canonical":"https:\/\/norddeco.lt\/fr\/livraison-et-retour\/","og_locale":"fr_FR","og_type":"article","og_title":"Livraison et retour - NordDECO - Skandinavi\u0161ko Stiliaus Med\u017eio Gaminiai","og_description":"La livraison en Lituanie Livraison avec DPD Livraison GRATUITE en Lituanie \u00e0 votre point relais DPD Pickup choisi. *Si le colis ne rentre pas dans le point relais DPD en raison de sa taille, nous vous l&rsquo;enverrons gratuitement par coursier DPD \u00e0 l&rsquo;adresse que vous avez indiqu\u00e9e apr\u00e8s avoir contact\u00e9 le client. Lorsque le colis &hellip;","og_url":"https:\/\/norddeco.lt\/fr\/livraison-et-retour\/","og_site_name":"NordDECO - Skandinavi\u0161ko Stiliaus Med\u017eio Gaminiai","article_modified_time":"2024-04-08T11:15:27+00:00","twitter_card":"summary_large_image","twitter_misc":{"Est. reading time":"5 minutes"},"schema":{"@context":"https:\/\/schema.org","@graph":[{"@type":"WebPage","@id":"https:\/\/norddeco.lt\/fr\/livraison-et-retour\/","url":"https:\/\/norddeco.lt\/fr\/livraison-et-retour\/","name":"Livraison et retour - NordDECO - Skandinavi\u0161ko Stiliaus Med\u017eio Gaminiai","isPartOf":{"@id":"https:\/\/norddeco.lt\/fr\/#website"},"datePublished":"2023-11-29T09:33:05+00:00","dateModified":"2024-04-08T11:15:27+00:00","breadcrumb":{"@id":"https:\/\/norddeco.lt\/fr\/livraison-et-retour\/#breadcrumb"},"inLanguage":"fr-FR","potentialAction":[{"@type":"ReadAction","target":["https:\/\/norddeco.lt\/fr\/livraison-et-retour\/"]}]},{"@type":"BreadcrumbList","@id":"https:\/\/norddeco.lt\/fr\/livraison-et-retour\/#breadcrumb","itemListElement":[{"@type":"ListItem","position":1,"name":"Home","item":"https:\/\/norddeco.lt\/fr\/"},{"@type":"ListItem","position":2,"name":"Livraison et retour"}]},{"@type":"WebSite","@id":"https:\/\/norddeco.lt\/fr\/#website","url":"https:\/\/norddeco.lt\/fr\/","name":"NordDECO - Skandinavi\u0161ko Stiliaus Med\u017eio Gaminiai","description":"","publisher":{"@id":"https:\/\/norddeco.lt\/fr\/#organization"},"potentialAction":[{"@type":"SearchAction","target":{"@type":"EntryPoint","urlTemplate":"https:\/\/norddeco.lt\/fr\/?s={search_term_string}"},"query-input":{"@type":"PropertyValueSpecification","valueRequired":true,"valueName":"search_term_string"}}],"inLanguage":"fr-FR"},{"@type":"Organization","@id":"https:\/\/norddeco.lt\/fr\/#organization","name":"NordDECO - Skandinavi\u0161ko Stiliaus Med\u017eio Gaminiai","url":"https:\/\/norddeco.lt\/fr\/","logo":{"@type":"ImageObject","inLanguage":"fr-FR","@id":"https:\/\/norddeco.lt\/fr\/#\/schema\/logo\/image\/","url":"https:\/\/norddeco.lt\/wp-content\/uploads\/2023\/11\/NordDECO-logo-1024x724-1.png","contentUrl":"https:\/\/norddeco.lt\/wp-content\/uploads\/2023\/11\/NordDECO-logo-1024x724-1.png","width":1024,"height":724,"caption":"NordDECO - Skandinavi\u0161ko Stiliaus Med\u017eio Gaminiai"},"image":{"@id":"https:\/\/norddeco.lt\/fr\/#\/schema\/logo\/image\/"}}]}},"_links":{"self":[{"href":"https:\/\/norddeco.lt\/fr\/wp-json\/wp\/v2\/pages\/5156","targetHints":{"allow":["GET"]}}],"collection":[{"href":"https:\/\/norddeco.lt\/fr\/wp-json\/wp\/v2\/pages"}],"about":[{"href":"https:\/\/norddeco.lt\/fr\/wp-json\/wp\/v2\/types\/page"}],"author":[{"embeddable":true,"href":"https:\/\/norddeco.lt\/fr\/wp-json\/wp\/v2\/users\/1"}],"replies":[{"embeddable":true,"href":"https:\/\/norddeco.lt\/fr\/wp-json\/wp\/v2\/comments?post=5156"}],"version-history":[{"count":5,"href":"https:\/\/norddeco.lt\/fr\/wp-json\/wp\/v2\/pages\/5156\/revisions"}],"predecessor-version":[{"id":8349,"href":"https:\/\/norddeco.lt\/fr\/wp-json\/wp\/v2\/pages\/5156\/revisions\/8349"}],"wp:attachment":[{"href":"https:\/\/norddeco.lt\/fr\/wp-json\/wp\/v2\/media?parent=5156"}],"curies":[{"name":"wp","href":"https:\/\/api.w.org\/{rel}","templated":true}]}}