{"id":6129,"date":"2024-01-13T09:24:47","date_gmt":"2024-01-13T09:24:47","guid":{"rendered":"https:\/\/norddeco.lt\/parduotuve\/non%20class\u00e9\/medinis-padekliukas-kaunas-5\/"},"modified":"2024-03-12T11:35:07","modified_gmt":"2024-03-12T11:35:07","slug":"sous-verre-en-bois-kaunas-5","status":"publish","type":"product","link":"https:\/\/norddeco.lt\/fr\/magasin\/collection-lituanienne\/sous-verre-en-bois-kaunas-5\/","title":{"rendered":"Sous-verre en bois Kaunas 5"},"content":{"rendered":"<p>MAT\u00c9RIAU: contreplaqu\u00e9 de bouleau.<\/p>\n<p>COULEUR: marron.<\/p>\n<p>DIMENSIONS: ~ 10 x 10 x 0,3 cm.<\/p>\n<p>MOTIF: H\u00f4tel de ville de Kaunas, \u00e9glise de Vytautas le Grand.<\/p>\n<p>Fabriqu\u00e9 en Lituanie.<\/p>\n<p>IMPORTANT. Les dessous de verre en bois sont fabriqu\u00e9s sur commande. Nous proposons \u00e9galement un emballage pour les ensembles.<\/p>\n","protected":false},"excerpt":{"rendered":"<p>MAT\u00c9RIAU: contreplaqu\u00e9 de bouleau.<br \/>\nCOULEUR: marron.<br \/>\nDIMENSIONS: ~ 10 x 10 x 0,3 cm.<br \/>\nMOTIF: H\u00f4tel de ville de Kaunas, \u00e9glise de Vytautas le Grand.<\/p>\n<p>Fabriqu\u00e9 en Lituanie.<\/p>\n<p>IMPORTANT. Les dessous de verre en bois sont fabriqu\u00e9s sur commande. Nous proposons \u00e9galement un emballage pour les ensembles.<\/p>\n","protected":false},"featured_media":5873,"template":"","meta":[],"product_cat":[126,127],"product_tag":[],"class_list":{"0":"post-6129","1":"product","2":"type-product","3":"status-publish","4":"has-post-thumbnail","6":"product_cat-collection-lituanienne","7":"product_cat-sous-verres-en-bois","9":"first","10":"instock","11":"taxable","12":"shipping-taxable","13":"purchasable","14":"product-type-simple"},"yoast_head":"<!-- This site is optimized with the Yoast SEO plugin v27.5 - https:\/\/yoast.com\/product\/yoast-seo-wordpress\/ -->\n<title>Sous-verre en bois Kaunas 5 - NordDECO - Skandinavi\u0161ko Stiliaus Med\u017eio Gaminiai<\/title>\n<meta name=\"robots\" content=\"index, follow, max-snippet:-1, max-image-preview:large, max-video-preview:-1\" \/>\n<link rel=\"canonical\" href=\"https:\/\/norddeco.lt\/fr\/magasin\/collection-lituanienne\/sous-verre-en-bois-kaunas-5\/\" \/>\n<meta property=\"og:locale\" content=\"fr_FR\" \/>\n<meta property=\"og:type\" content=\"article\" \/>\n<meta property=\"og:title\" content=\"Sous-verre en bois Kaunas 5 - NordDECO - Skandinavi\u0161ko Stiliaus Med\u017eio Gaminiai\" \/>\n<meta property=\"og:description\" content=\"MAT\u00c9RIAU: contreplaqu\u00e9 de bouleau. COULEUR: marron. DIMENSIONS: ~ 10 x 10 x 0,3 cm. MOTIF: H\u00f4tel de ville de Kaunas, \u00e9glise de Vytautas le Grand. Fabriqu\u00e9 en Lituanie. IMPORTANT. Les dessous de verre en bois sont fabriqu\u00e9s sur commande. Nous proposons \u00e9galement un emballage pour les ensembles.\" \/>\n<meta property=\"og:url\" content=\"https:\/\/norddeco.lt\/fr\/magasin\/collection-lituanienne\/sous-verre-en-bois-kaunas-5\/\" \/>\n<meta property=\"og:site_name\" content=\"NordDECO - Skandinavi\u0161ko Stiliaus Med\u017eio Gaminiai\" \/>\n<meta property=\"article:modified_time\" content=\"2024-03-12T11:35:07+00:00\" \/>\n<meta property=\"og:image\" content=\"https:\/\/norddeco.lt\/wp-content\/uploads\/2024\/01\/coaster-kaunas-5.jpg\" \/>\n\t<meta property=\"og:image:width\" content=\"1000\" \/>\n\t<meta property=\"og:image:height\" content=\"1000\" \/>\n\t<meta property=\"og:image:type\" content=\"image\/jpeg\" \/>\n<meta name=\"twitter:card\" content=\"summary_large_image\" \/>\n<script type=\"application\/ld+json\" class=\"yoast-schema-graph\">{\"@context\":\"https:\\\/\\\/schema.org\",\"@graph\":[{\"@type\":\"WebPage\",\"@id\":\"https:\\\/\\\/norddeco.lt\\\/fr\\\/magasin\\\/collection-lituanienne\\\/sous-verre-en-bois-kaunas-5\\\/\",\"url\":\"https:\\\/\\\/norddeco.lt\\\/fr\\\/magasin\\\/collection-lituanienne\\\/sous-verre-en-bois-kaunas-5\\\/\",\"name\":\"Sous-verre en bois Kaunas 5 - NordDECO - Skandinavi\u0161ko Stiliaus Med\u017eio Gaminiai\",\"isPartOf\":{\"@id\":\"https:\\\/\\\/norddeco.lt\\\/fr\\\/#website\"},\"primaryImageOfPage\":{\"@id\":\"https:\\\/\\\/norddeco.lt\\\/fr\\\/magasin\\\/collection-lituanienne\\\/sous-verre-en-bois-kaunas-5\\\/#primaryimage\"},\"image\":{\"@id\":\"https:\\\/\\\/norddeco.lt\\\/fr\\\/magasin\\\/collection-lituanienne\\\/sous-verre-en-bois-kaunas-5\\\/#primaryimage\"},\"thumbnailUrl\":\"https:\\\/\\\/norddeco.lt\\\/wp-content\\\/uploads\\\/2024\\\/01\\\/coaster-kaunas-5.jpg\",\"datePublished\":\"2024-01-13T09:24:47+00:00\",\"dateModified\":\"2024-03-12T11:35:07+00:00\",\"breadcrumb\":{\"@id\":\"https:\\\/\\\/norddeco.lt\\\/fr\\\/magasin\\\/collection-lituanienne\\\/sous-verre-en-bois-kaunas-5\\\/#breadcrumb\"},\"inLanguage\":\"fr-FR\",\"potentialAction\":[{\"@type\":\"ReadAction\",\"target\":[\"https:\\\/\\\/norddeco.lt\\\/fr\\\/magasin\\\/collection-lituanienne\\\/sous-verre-en-bois-kaunas-5\\\/\"]}]},{\"@type\":\"ImageObject\",\"inLanguage\":\"fr-FR\",\"@id\":\"https:\\\/\\\/norddeco.lt\\\/fr\\\/magasin\\\/collection-lituanienne\\\/sous-verre-en-bois-kaunas-5\\\/#primaryimage\",\"url\":\"https:\\\/\\\/norddeco.lt\\\/wp-content\\\/uploads\\\/2024\\\/01\\\/coaster-kaunas-5.jpg\",\"contentUrl\":\"https:\\\/\\\/norddeco.lt\\\/wp-content\\\/uploads\\\/2024\\\/01\\\/coaster-kaunas-5.jpg\",\"width\":1000,\"height\":1000},{\"@type\":\"BreadcrumbList\",\"@id\":\"https:\\\/\\\/norddeco.lt\\\/fr\\\/magasin\\\/collection-lituanienne\\\/sous-verre-en-bois-kaunas-5\\\/#breadcrumb\",\"itemListElement\":[{\"@type\":\"ListItem\",\"position\":1,\"name\":\"Home\",\"item\":\"https:\\\/\\\/norddeco.lt\\\/fr\\\/\"},{\"@type\":\"ListItem\",\"position\":2,\"name\":\"Magasin\",\"item\":\"https:\\\/\\\/norddeco.lt\\\/fr\\\/magasin\\\/\"},{\"@type\":\"ListItem\",\"position\":3,\"name\":\"Sous-verre en bois Kaunas 5\"}]},{\"@type\":\"WebSite\",\"@id\":\"https:\\\/\\\/norddeco.lt\\\/fr\\\/#website\",\"url\":\"https:\\\/\\\/norddeco.lt\\\/fr\\\/\",\"name\":\"NordDECO - Skandinavi\u0161ko Stiliaus Med\u017eio Gaminiai\",\"description\":\"\",\"publisher\":{\"@id\":\"https:\\\/\\\/norddeco.lt\\\/fr\\\/#organization\"},\"potentialAction\":[{\"@type\":\"SearchAction\",\"target\":{\"@type\":\"EntryPoint\",\"urlTemplate\":\"https:\\\/\\\/norddeco.lt\\\/fr\\\/?s={search_term_string}\"},\"query-input\":{\"@type\":\"PropertyValueSpecification\",\"valueRequired\":true,\"valueName\":\"search_term_string\"}}],\"inLanguage\":\"fr-FR\"},{\"@type\":\"Organization\",\"@id\":\"https:\\\/\\\/norddeco.lt\\\/fr\\\/#organization\",\"name\":\"NordDECO - Skandinavi\u0161ko Stiliaus Med\u017eio Gaminiai\",\"url\":\"https:\\\/\\\/norddeco.lt\\\/fr\\\/\",\"logo\":{\"@type\":\"ImageObject\",\"inLanguage\":\"fr-FR\",\"@id\":\"https:\\\/\\\/norddeco.lt\\\/fr\\\/#\\\/schema\\\/logo\\\/image\\\/\",\"url\":\"https:\\\/\\\/norddeco.lt\\\/wp-content\\\/uploads\\\/2023\\\/11\\\/NordDECO-logo-1024x724-1.png\",\"contentUrl\":\"https:\\\/\\\/norddeco.lt\\\/wp-content\\\/uploads\\\/2023\\\/11\\\/NordDECO-logo-1024x724-1.png\",\"width\":1024,\"height\":724,\"caption\":\"NordDECO - Skandinavi\u0161ko Stiliaus Med\u017eio Gaminiai\"},\"image\":{\"@id\":\"https:\\\/\\\/norddeco.lt\\\/fr\\\/#\\\/schema\\\/logo\\\/image\\\/\"}}]}<\/script>\n<!-- \/ Yoast SEO plugin. -->","yoast_head_json":{"title":"Sous-verre en bois Kaunas 5 - NordDECO - Skandinavi\u0161ko Stiliaus Med\u017eio Gaminiai","robots":{"index":"index","follow":"follow","max-snippet":"max-snippet:-1","max-image-preview":"max-image-preview:large","max-video-preview":"max-video-preview:-1"},"canonical":"https:\/\/norddeco.lt\/fr\/magasin\/collection-lituanienne\/sous-verre-en-bois-kaunas-5\/","og_locale":"fr_FR","og_type":"article","og_title":"Sous-verre en bois Kaunas 5 - NordDECO - Skandinavi\u0161ko Stiliaus Med\u017eio Gaminiai","og_description":"MAT\u00c9RIAU: contreplaqu\u00e9 de bouleau. COULEUR: marron. DIMENSIONS: ~ 10 x 10 x 0,3 cm. MOTIF: H\u00f4tel de ville de Kaunas, \u00e9glise de Vytautas le Grand. Fabriqu\u00e9 en Lituanie. IMPORTANT. Les dessous de verre en bois sont fabriqu\u00e9s sur commande. Nous proposons \u00e9galement un emballage pour les ensembles.","og_url":"https:\/\/norddeco.lt\/fr\/magasin\/collection-lituanienne\/sous-verre-en-bois-kaunas-5\/","og_site_name":"NordDECO - Skandinavi\u0161ko Stiliaus Med\u017eio Gaminiai","article_modified_time":"2024-03-12T11:35:07+00:00","og_image":[{"width":1000,"height":1000,"url":"https:\/\/norddeco.lt\/wp-content\/uploads\/2024\/01\/coaster-kaunas-5.jpg","type":"image\/jpeg"}],"twitter_card":"summary_large_image","schema":{"@context":"https:\/\/schema.org","@graph":[{"@type":"WebPage","@id":"https:\/\/norddeco.lt\/fr\/magasin\/collection-lituanienne\/sous-verre-en-bois-kaunas-5\/","url":"https:\/\/norddeco.lt\/fr\/magasin\/collection-lituanienne\/sous-verre-en-bois-kaunas-5\/","name":"Sous-verre en bois Kaunas 5 - NordDECO - Skandinavi\u0161ko Stiliaus Med\u017eio Gaminiai","isPartOf":{"@id":"https:\/\/norddeco.lt\/fr\/#website"},"primaryImageOfPage":{"@id":"https:\/\/norddeco.lt\/fr\/magasin\/collection-lituanienne\/sous-verre-en-bois-kaunas-5\/#primaryimage"},"image":{"@id":"https:\/\/norddeco.lt\/fr\/magasin\/collection-lituanienne\/sous-verre-en-bois-kaunas-5\/#primaryimage"},"thumbnailUrl":"https:\/\/norddeco.lt\/wp-content\/uploads\/2024\/01\/coaster-kaunas-5.jpg","datePublished":"2024-01-13T09:24:47+00:00","dateModified":"2024-03-12T11:35:07+00:00","breadcrumb":{"@id":"https:\/\/norddeco.lt\/fr\/magasin\/collection-lituanienne\/sous-verre-en-bois-kaunas-5\/#breadcrumb"},"inLanguage":"fr-FR","potentialAction":[{"@type":"ReadAction","target":["https:\/\/norddeco.lt\/fr\/magasin\/collection-lituanienne\/sous-verre-en-bois-kaunas-5\/"]}]},{"@type":"ImageObject","inLanguage":"fr-FR","@id":"https:\/\/norddeco.lt\/fr\/magasin\/collection-lituanienne\/sous-verre-en-bois-kaunas-5\/#primaryimage","url":"https:\/\/norddeco.lt\/wp-content\/uploads\/2024\/01\/coaster-kaunas-5.jpg","contentUrl":"https:\/\/norddeco.lt\/wp-content\/uploads\/2024\/01\/coaster-kaunas-5.jpg","width":1000,"height":1000},{"@type":"BreadcrumbList","@id":"https:\/\/norddeco.lt\/fr\/magasin\/collection-lituanienne\/sous-verre-en-bois-kaunas-5\/#breadcrumb","itemListElement":[{"@type":"ListItem","position":1,"name":"Home","item":"https:\/\/norddeco.lt\/fr\/"},{"@type":"ListItem","position":2,"name":"Magasin","item":"https:\/\/norddeco.lt\/fr\/magasin\/"},{"@type":"ListItem","position":3,"name":"Sous-verre en bois Kaunas 5"}]},{"@type":"WebSite","@id":"https:\/\/norddeco.lt\/fr\/#website","url":"https:\/\/norddeco.lt\/fr\/","name":"NordDECO - Skandinavi\u0161ko Stiliaus Med\u017eio Gaminiai","description":"","publisher":{"@id":"https:\/\/norddeco.lt\/fr\/#organization"},"potentialAction":[{"@type":"SearchAction","target":{"@type":"EntryPoint","urlTemplate":"https:\/\/norddeco.lt\/fr\/?s={search_term_string}"},"query-input":{"@type":"PropertyValueSpecification","valueRequired":true,"valueName":"search_term_string"}}],"inLanguage":"fr-FR"},{"@type":"Organization","@id":"https:\/\/norddeco.lt\/fr\/#organization","name":"NordDECO - Skandinavi\u0161ko Stiliaus Med\u017eio Gaminiai","url":"https:\/\/norddeco.lt\/fr\/","logo":{"@type":"ImageObject","inLanguage":"fr-FR","@id":"https:\/\/norddeco.lt\/fr\/#\/schema\/logo\/image\/","url":"https:\/\/norddeco.lt\/wp-content\/uploads\/2023\/11\/NordDECO-logo-1024x724-1.png","contentUrl":"https:\/\/norddeco.lt\/wp-content\/uploads\/2023\/11\/NordDECO-logo-1024x724-1.png","width":1024,"height":724,"caption":"NordDECO - Skandinavi\u0161ko Stiliaus Med\u017eio Gaminiai"},"image":{"@id":"https:\/\/norddeco.lt\/fr\/#\/schema\/logo\/image\/"}}]}},"_links":{"self":[{"href":"https:\/\/norddeco.lt\/fr\/wp-json\/wp\/v2\/product\/6129","targetHints":{"allow":["GET"]}}],"collection":[{"href":"https:\/\/norddeco.lt\/fr\/wp-json\/wp\/v2\/product"}],"about":[{"href":"https:\/\/norddeco.lt\/fr\/wp-json\/wp\/v2\/types\/product"}],"wp:featuredmedia":[{"embeddable":true,"href":"https:\/\/norddeco.lt\/fr\/wp-json\/wp\/v2\/media\/5873"}],"wp:attachment":[{"href":"https:\/\/norddeco.lt\/fr\/wp-json\/wp\/v2\/media?parent=6129"}],"wp:term":[{"taxonomy":"product_cat","embeddable":true,"href":"https:\/\/norddeco.lt\/fr\/wp-json\/wp\/v2\/product_cat?post=6129"},{"taxonomy":"product_tag","embeddable":true,"href":"https:\/\/norddeco.lt\/fr\/wp-json\/wp\/v2\/product_tag?post=6129"}],"curies":[{"name":"wp","href":"https:\/\/api.w.org\/{rel}","templated":true}]}}