{"id":6261,"date":"2023-12-21T11:51:47","date_gmt":"2023-12-21T11:51:47","guid":{"rendered":"https:\/\/norddeco.lt\/parduotuve\/non%20class\u00e9\/skandinaviskas-baro-sviestuvas-polis-xl\/"},"modified":"2024-03-13T08:49:20","modified_gmt":"2024-03-13T08:49:20","slug":"lampe-de-bar-de-style-scandinave-polisxl","status":"publish","type":"product","link":"https:\/\/norddeco.lt\/fr\/magasin\/salon-espace-de-vie\/lampe-de-bar-de-style-scandinave-polisxl\/","title":{"rendered":"Lampe de bar de style scandinave Polis XL"},"content":{"rendered":"<p>MESURES: longueur: 83 cm, largeur: 35 cm, hauteur: 38 cm.<\/p>\n<p>CARACT\u00c9RISTIQUES: 3 douilles de lampe, 1 abat-jour, 1 contact de connexion.<\/p>\n<p>TYPE: en bois, coll\u00e9 \u00e0 la main.<\/p>\n<p>Couleurs: bois naturel, brun ou noir.<\/p>\n<p>Veuillez noter que l&rsquo;apparence r\u00e9elle et la couleur du produit peuvent l\u00e9g\u00e8rement diff\u00e9rer de celles pr\u00e9sent\u00e9es sur la photo en raison des diff\u00e9rents moniteurs et de leurs r\u00e9glages.<\/p>\n","protected":false},"excerpt":{"rendered":"<p>MESURES: longueur: 83 cm, largeur: 35 cm, hauteur: 38 cm.<\/p>\n<p>CARACT\u00c9RISTIQUES: 3 douilles de lampe, 1 abat-jour, 1 contact de connexion.<\/p>\n<p>TYPE: en bois, coll\u00e9 \u00e0 la main.<\/p>\n<p>Couleurs: bois naturel, brun ou noir.<\/p>\n","protected":false},"featured_media":5273,"template":"","meta":[],"product_cat":[140,132],"product_tag":[],"class_list":{"0":"post-6261","1":"product","2":"type-product","3":"status-publish","4":"has-post-thumbnail","6":"product_cat-lampes-en-bois","7":"product_cat-salon-espace-de-vie","8":"pa_spalva-brun","9":"pa_spalva-naturel","10":"pa_spalva-noir","12":"first","13":"instock","14":"purchasable","15":"product-type-variable"},"yoast_head":"<!-- This site is optimized with the Yoast SEO plugin v27.5 - https:\/\/yoast.com\/product\/yoast-seo-wordpress\/ -->\n<title>Lampe de bar de style scandinave Polis XL - NordDECO - Skandinavi\u0161ko Stiliaus Med\u017eio Gaminiai<\/title>\n<meta name=\"robots\" content=\"index, follow, max-snippet:-1, max-image-preview:large, max-video-preview:-1\" \/>\n<link rel=\"canonical\" href=\"https:\/\/norddeco.lt\/fr\/magasin\/salon-espace-de-vie\/lampe-de-bar-de-style-scandinave-polisxl\/\" \/>\n<meta property=\"og:locale\" content=\"fr_FR\" \/>\n<meta property=\"og:type\" content=\"article\" \/>\n<meta property=\"og:title\" content=\"Lampe de bar de style scandinave Polis XL - NordDECO - Skandinavi\u0161ko Stiliaus Med\u017eio Gaminiai\" \/>\n<meta property=\"og:description\" content=\"MESURES: longueur: 83 cm, largeur: 35 cm, hauteur: 38 cm. CARACT\u00c9RISTIQUES: 3 douilles de lampe, 1 abat-jour, 1 contact de connexion. TYPE: en bois, coll\u00e9 \u00e0 la main. Couleurs: bois naturel, brun ou noir.\" \/>\n<meta property=\"og:url\" content=\"https:\/\/norddeco.lt\/fr\/magasin\/salon-espace-de-vie\/lampe-de-bar-de-style-scandinave-polisxl\/\" \/>\n<meta property=\"og:site_name\" content=\"NordDECO - Skandinavi\u0161ko Stiliaus Med\u017eio Gaminiai\" \/>\n<meta property=\"article:modified_time\" content=\"2024-03-13T08:49:20+00:00\" \/>\n<meta property=\"og:image\" content=\"https:\/\/norddeco.lt\/wp-content\/uploads\/2023\/12\/Polis-XL.jpg\" \/>\n\t<meta property=\"og:image:width\" content=\"750\" \/>\n\t<meta property=\"og:image:height\" content=\"750\" \/>\n\t<meta property=\"og:image:type\" content=\"image\/jpeg\" \/>\n<meta name=\"twitter:card\" content=\"summary_large_image\" \/>\n<script type=\"application\/ld+json\" class=\"yoast-schema-graph\">{\"@context\":\"https:\\\/\\\/schema.org\",\"@graph\":[{\"@type\":\"WebPage\",\"@id\":\"https:\\\/\\\/norddeco.lt\\\/fr\\\/magasin\\\/salon-espace-de-vie\\\/lampe-de-bar-de-style-scandinave-polisxl\\\/\",\"url\":\"https:\\\/\\\/norddeco.lt\\\/fr\\\/magasin\\\/salon-espace-de-vie\\\/lampe-de-bar-de-style-scandinave-polisxl\\\/\",\"name\":\"Lampe de bar de style scandinave Polis XL - NordDECO - Skandinavi\u0161ko Stiliaus Med\u017eio Gaminiai\",\"isPartOf\":{\"@id\":\"https:\\\/\\\/norddeco.lt\\\/fr\\\/#website\"},\"primaryImageOfPage\":{\"@id\":\"https:\\\/\\\/norddeco.lt\\\/fr\\\/magasin\\\/salon-espace-de-vie\\\/lampe-de-bar-de-style-scandinave-polisxl\\\/#primaryimage\"},\"image\":{\"@id\":\"https:\\\/\\\/norddeco.lt\\\/fr\\\/magasin\\\/salon-espace-de-vie\\\/lampe-de-bar-de-style-scandinave-polisxl\\\/#primaryimage\"},\"thumbnailUrl\":\"https:\\\/\\\/norddeco.lt\\\/wp-content\\\/uploads\\\/2023\\\/12\\\/Polis-XL.jpg\",\"datePublished\":\"2023-12-21T11:51:47+00:00\",\"dateModified\":\"2024-03-13T08:49:20+00:00\",\"breadcrumb\":{\"@id\":\"https:\\\/\\\/norddeco.lt\\\/fr\\\/magasin\\\/salon-espace-de-vie\\\/lampe-de-bar-de-style-scandinave-polisxl\\\/#breadcrumb\"},\"inLanguage\":\"fr-FR\",\"potentialAction\":[{\"@type\":\"ReadAction\",\"target\":[\"https:\\\/\\\/norddeco.lt\\\/fr\\\/magasin\\\/salon-espace-de-vie\\\/lampe-de-bar-de-style-scandinave-polisxl\\\/\"]}]},{\"@type\":\"ImageObject\",\"inLanguage\":\"fr-FR\",\"@id\":\"https:\\\/\\\/norddeco.lt\\\/fr\\\/magasin\\\/salon-espace-de-vie\\\/lampe-de-bar-de-style-scandinave-polisxl\\\/#primaryimage\",\"url\":\"https:\\\/\\\/norddeco.lt\\\/wp-content\\\/uploads\\\/2023\\\/12\\\/Polis-XL.jpg\",\"contentUrl\":\"https:\\\/\\\/norddeco.lt\\\/wp-content\\\/uploads\\\/2023\\\/12\\\/Polis-XL.jpg\",\"width\":750,\"height\":750},{\"@type\":\"BreadcrumbList\",\"@id\":\"https:\\\/\\\/norddeco.lt\\\/fr\\\/magasin\\\/salon-espace-de-vie\\\/lampe-de-bar-de-style-scandinave-polisxl\\\/#breadcrumb\",\"itemListElement\":[{\"@type\":\"ListItem\",\"position\":1,\"name\":\"Home\",\"item\":\"https:\\\/\\\/norddeco.lt\\\/fr\\\/\"},{\"@type\":\"ListItem\",\"position\":2,\"name\":\"Magasin\",\"item\":\"https:\\\/\\\/norddeco.lt\\\/fr\\\/magasin\\\/\"},{\"@type\":\"ListItem\",\"position\":3,\"name\":\"Lampe de bar de style scandinave Polis XL\"}]},{\"@type\":\"WebSite\",\"@id\":\"https:\\\/\\\/norddeco.lt\\\/fr\\\/#website\",\"url\":\"https:\\\/\\\/norddeco.lt\\\/fr\\\/\",\"name\":\"NordDECO - Skandinavi\u0161ko Stiliaus Med\u017eio Gaminiai\",\"description\":\"\",\"publisher\":{\"@id\":\"https:\\\/\\\/norddeco.lt\\\/fr\\\/#organization\"},\"potentialAction\":[{\"@type\":\"SearchAction\",\"target\":{\"@type\":\"EntryPoint\",\"urlTemplate\":\"https:\\\/\\\/norddeco.lt\\\/fr\\\/?s={search_term_string}\"},\"query-input\":{\"@type\":\"PropertyValueSpecification\",\"valueRequired\":true,\"valueName\":\"search_term_string\"}}],\"inLanguage\":\"fr-FR\"},{\"@type\":\"Organization\",\"@id\":\"https:\\\/\\\/norddeco.lt\\\/fr\\\/#organization\",\"name\":\"NordDECO - Skandinavi\u0161ko Stiliaus Med\u017eio Gaminiai\",\"url\":\"https:\\\/\\\/norddeco.lt\\\/fr\\\/\",\"logo\":{\"@type\":\"ImageObject\",\"inLanguage\":\"fr-FR\",\"@id\":\"https:\\\/\\\/norddeco.lt\\\/fr\\\/#\\\/schema\\\/logo\\\/image\\\/\",\"url\":\"https:\\\/\\\/norddeco.lt\\\/wp-content\\\/uploads\\\/2023\\\/11\\\/NordDECO-logo-1024x724-1.png\",\"contentUrl\":\"https:\\\/\\\/norddeco.lt\\\/wp-content\\\/uploads\\\/2023\\\/11\\\/NordDECO-logo-1024x724-1.png\",\"width\":1024,\"height\":724,\"caption\":\"NordDECO - Skandinavi\u0161ko Stiliaus Med\u017eio Gaminiai\"},\"image\":{\"@id\":\"https:\\\/\\\/norddeco.lt\\\/fr\\\/#\\\/schema\\\/logo\\\/image\\\/\"}}]}<\/script>\n<!-- \/ Yoast SEO plugin. -->","yoast_head_json":{"title":"Lampe de bar de style scandinave Polis XL - NordDECO - Skandinavi\u0161ko Stiliaus Med\u017eio Gaminiai","robots":{"index":"index","follow":"follow","max-snippet":"max-snippet:-1","max-image-preview":"max-image-preview:large","max-video-preview":"max-video-preview:-1"},"canonical":"https:\/\/norddeco.lt\/fr\/magasin\/salon-espace-de-vie\/lampe-de-bar-de-style-scandinave-polisxl\/","og_locale":"fr_FR","og_type":"article","og_title":"Lampe de bar de style scandinave Polis XL - NordDECO - Skandinavi\u0161ko Stiliaus Med\u017eio Gaminiai","og_description":"MESURES: longueur: 83 cm, largeur: 35 cm, hauteur: 38 cm. CARACT\u00c9RISTIQUES: 3 douilles de lampe, 1 abat-jour, 1 contact de connexion. TYPE: en bois, coll\u00e9 \u00e0 la main. Couleurs: bois naturel, brun ou noir.","og_url":"https:\/\/norddeco.lt\/fr\/magasin\/salon-espace-de-vie\/lampe-de-bar-de-style-scandinave-polisxl\/","og_site_name":"NordDECO - Skandinavi\u0161ko Stiliaus Med\u017eio Gaminiai","article_modified_time":"2024-03-13T08:49:20+00:00","og_image":[{"width":750,"height":750,"url":"https:\/\/norddeco.lt\/wp-content\/uploads\/2023\/12\/Polis-XL.jpg","type":"image\/jpeg"}],"twitter_card":"summary_large_image","schema":{"@context":"https:\/\/schema.org","@graph":[{"@type":"WebPage","@id":"https:\/\/norddeco.lt\/fr\/magasin\/salon-espace-de-vie\/lampe-de-bar-de-style-scandinave-polisxl\/","url":"https:\/\/norddeco.lt\/fr\/magasin\/salon-espace-de-vie\/lampe-de-bar-de-style-scandinave-polisxl\/","name":"Lampe de bar de style scandinave Polis XL - NordDECO - Skandinavi\u0161ko Stiliaus Med\u017eio Gaminiai","isPartOf":{"@id":"https:\/\/norddeco.lt\/fr\/#website"},"primaryImageOfPage":{"@id":"https:\/\/norddeco.lt\/fr\/magasin\/salon-espace-de-vie\/lampe-de-bar-de-style-scandinave-polisxl\/#primaryimage"},"image":{"@id":"https:\/\/norddeco.lt\/fr\/magasin\/salon-espace-de-vie\/lampe-de-bar-de-style-scandinave-polisxl\/#primaryimage"},"thumbnailUrl":"https:\/\/norddeco.lt\/wp-content\/uploads\/2023\/12\/Polis-XL.jpg","datePublished":"2023-12-21T11:51:47+00:00","dateModified":"2024-03-13T08:49:20+00:00","breadcrumb":{"@id":"https:\/\/norddeco.lt\/fr\/magasin\/salon-espace-de-vie\/lampe-de-bar-de-style-scandinave-polisxl\/#breadcrumb"},"inLanguage":"fr-FR","potentialAction":[{"@type":"ReadAction","target":["https:\/\/norddeco.lt\/fr\/magasin\/salon-espace-de-vie\/lampe-de-bar-de-style-scandinave-polisxl\/"]}]},{"@type":"ImageObject","inLanguage":"fr-FR","@id":"https:\/\/norddeco.lt\/fr\/magasin\/salon-espace-de-vie\/lampe-de-bar-de-style-scandinave-polisxl\/#primaryimage","url":"https:\/\/norddeco.lt\/wp-content\/uploads\/2023\/12\/Polis-XL.jpg","contentUrl":"https:\/\/norddeco.lt\/wp-content\/uploads\/2023\/12\/Polis-XL.jpg","width":750,"height":750},{"@type":"BreadcrumbList","@id":"https:\/\/norddeco.lt\/fr\/magasin\/salon-espace-de-vie\/lampe-de-bar-de-style-scandinave-polisxl\/#breadcrumb","itemListElement":[{"@type":"ListItem","position":1,"name":"Home","item":"https:\/\/norddeco.lt\/fr\/"},{"@type":"ListItem","position":2,"name":"Magasin","item":"https:\/\/norddeco.lt\/fr\/magasin\/"},{"@type":"ListItem","position":3,"name":"Lampe de bar de style scandinave Polis XL"}]},{"@type":"WebSite","@id":"https:\/\/norddeco.lt\/fr\/#website","url":"https:\/\/norddeco.lt\/fr\/","name":"NordDECO - Skandinavi\u0161ko Stiliaus Med\u017eio Gaminiai","description":"","publisher":{"@id":"https:\/\/norddeco.lt\/fr\/#organization"},"potentialAction":[{"@type":"SearchAction","target":{"@type":"EntryPoint","urlTemplate":"https:\/\/norddeco.lt\/fr\/?s={search_term_string}"},"query-input":{"@type":"PropertyValueSpecification","valueRequired":true,"valueName":"search_term_string"}}],"inLanguage":"fr-FR"},{"@type":"Organization","@id":"https:\/\/norddeco.lt\/fr\/#organization","name":"NordDECO - Skandinavi\u0161ko Stiliaus Med\u017eio Gaminiai","url":"https:\/\/norddeco.lt\/fr\/","logo":{"@type":"ImageObject","inLanguage":"fr-FR","@id":"https:\/\/norddeco.lt\/fr\/#\/schema\/logo\/image\/","url":"https:\/\/norddeco.lt\/wp-content\/uploads\/2023\/11\/NordDECO-logo-1024x724-1.png","contentUrl":"https:\/\/norddeco.lt\/wp-content\/uploads\/2023\/11\/NordDECO-logo-1024x724-1.png","width":1024,"height":724,"caption":"NordDECO - Skandinavi\u0161ko Stiliaus Med\u017eio Gaminiai"},"image":{"@id":"https:\/\/norddeco.lt\/fr\/#\/schema\/logo\/image\/"}}]}},"_links":{"self":[{"href":"https:\/\/norddeco.lt\/fr\/wp-json\/wp\/v2\/product\/6261","targetHints":{"allow":["GET"]}}],"collection":[{"href":"https:\/\/norddeco.lt\/fr\/wp-json\/wp\/v2\/product"}],"about":[{"href":"https:\/\/norddeco.lt\/fr\/wp-json\/wp\/v2\/types\/product"}],"wp:featuredmedia":[{"embeddable":true,"href":"https:\/\/norddeco.lt\/fr\/wp-json\/wp\/v2\/media\/5273"}],"wp:attachment":[{"href":"https:\/\/norddeco.lt\/fr\/wp-json\/wp\/v2\/media?parent=6261"}],"wp:term":[{"taxonomy":"product_cat","embeddable":true,"href":"https:\/\/norddeco.lt\/fr\/wp-json\/wp\/v2\/product_cat?post=6261"},{"taxonomy":"product_tag","embeddable":true,"href":"https:\/\/norddeco.lt\/fr\/wp-json\/wp\/v2\/product_tag?post=6261"}],"curies":[{"name":"wp","href":"https:\/\/api.w.org\/{rel}","templated":true}]}}