{"id":6306,"date":"2023-12-21T11:51:43","date_gmt":"2023-12-21T11:51:43","guid":{"rendered":"https:\/\/norddeco.lt\/parduotuve\/non%20class\u00e9\/skandinaviskas-sviestuvas-milan-s\/"},"modified":"2024-03-13T11:42:26","modified_gmt":"2024-03-13T11:42:26","slug":"lampe-scandinave-milans","status":"publish","type":"product","link":"https:\/\/norddeco.lt\/fr\/magasin\/salon-espace-de-vie\/lampe-scandinave-milans\/","title":{"rendered":"Lampe scandinave Milan S"},"content":{"rendered":"<p>MESURES: hauteur de la lampe: 48 cm, diam\u00e8tre \u00e0 son point le plus large: 21,7 cm.<\/p>\n<p>MAT\u00c9RIAU: contreplaqu\u00e9 de bouleau.<\/p>\n<p>M\u00e9thode de production: La lampe en bois faite \u00e0 la main est fabriqu\u00e9e \u00e0 partir de morceaux de contreplaqu\u00e9 de bouleau naturel soigneusement s\u00e9lectionn\u00e9s. Les pi\u00e8ces d\u00e9coup\u00e9es au laser sont ponc\u00e9es, peintes et coll\u00e9es \u00e0 la main.<\/p>\n<p>Les lampes peuvent \u00eatre en bois naturel, marron ou noir.<\/p>\n<p>La lampe est vendue avec un ensemble de c\u00e2bles en plastique blanc E27, sans ampoule. Longueur du c\u00e2ble ~ 1,0 m.<\/p>\n<p>IMPORTANT. Les lampes en bois sont fabriqu\u00e9es sur commande, le d\u00e9lai de production d\u00e9pend de la charge de travail &#8211; 3 \u00e0 5 jours ouvrables.<\/p>\n<p>L&rsquo;apparence r\u00e9elle et la couleur du produit peuvent l\u00e9g\u00e8rement diff\u00e9rer de celles montr\u00e9es sur la photo en raison des diff\u00e9rents moniteurs et de leurs param\u00e8tres<\/p>\n","protected":false},"excerpt":{"rendered":"<p>MESURES: hauteur de la lampe: 48 cm, diam\u00e8tre \u00e0 son point le plus large: 21,7 cm.<\/p>\n<p>MAT\u00c9RIAU: contreplaqu\u00e9 de bouleau.<\/p>\n<p>La lampe en bois faite \u00e0 la main est fabriqu\u00e9e \u00e0 partir de morceaux de contreplaqu\u00e9 de bouleau naturel soigneusement s\u00e9lectionn\u00e9s. Les pi\u00e8ces d\u00e9coup\u00e9es au laser sont ponc\u00e9es, peintes et coll\u00e9es \u00e0 la main.<\/p>\n<p>Les lampes peuvent \u00eatre en bois naturel, marron ou noir.<\/p>\n","protected":false},"featured_media":5148,"template":"","meta":[],"product_cat":[140,132],"product_tag":[],"class_list":{"0":"post-6306","1":"product","2":"type-product","3":"status-publish","4":"has-post-thumbnail","6":"product_cat-lampes-en-bois","7":"product_cat-salon-espace-de-vie","8":"pa_spalva-brun","9":"pa_spalva-naturel","10":"pa_spalva-noir","12":"first","13":"instock","14":"purchasable","15":"product-type-variable"},"yoast_head":"<!-- This site is optimized with the Yoast SEO plugin v27.6 - https:\/\/yoast.com\/product\/yoast-seo-wordpress\/ -->\n<title>Lampe scandinave Milan S - NordDECO - Skandinavi\u0161ko Stiliaus Med\u017eio Gaminiai<\/title>\n<meta name=\"robots\" content=\"index, follow, max-snippet:-1, max-image-preview:large, max-video-preview:-1\" \/>\n<link rel=\"canonical\" href=\"https:\/\/norddeco.lt\/fr\/magasin\/salon-espace-de-vie\/lampe-scandinave-milans\/\" \/>\n<meta property=\"og:locale\" content=\"fr_FR\" \/>\n<meta property=\"og:type\" content=\"article\" \/>\n<meta property=\"og:title\" content=\"Lampe scandinave Milan S - NordDECO - Skandinavi\u0161ko Stiliaus Med\u017eio Gaminiai\" \/>\n<meta property=\"og:description\" content=\"MESURES: hauteur de la lampe: 48 cm, diam\u00e8tre \u00e0 son point le plus large: 21,7 cm. MAT\u00c9RIAU: contreplaqu\u00e9 de bouleau. La lampe en bois faite \u00e0 la main est fabriqu\u00e9e \u00e0 partir de morceaux de contreplaqu\u00e9 de bouleau naturel soigneusement s\u00e9lectionn\u00e9s. Les pi\u00e8ces d\u00e9coup\u00e9es au laser sont ponc\u00e9es, peintes et coll\u00e9es \u00e0 la main. Les lampes peuvent \u00eatre en bois naturel, marron ou noir.\" \/>\n<meta property=\"og:url\" content=\"https:\/\/norddeco.lt\/fr\/magasin\/salon-espace-de-vie\/lampe-scandinave-milans\/\" \/>\n<meta property=\"og:site_name\" content=\"NordDECO - Skandinavi\u0161ko Stiliaus Med\u017eio Gaminiai\" \/>\n<meta property=\"article:modified_time\" content=\"2024-03-13T11:42:26+00:00\" \/>\n<meta property=\"og:image\" content=\"https:\/\/norddeco.lt\/wp-content\/uploads\/2023\/12\/Milan-S.jpg\" \/>\n\t<meta property=\"og:image:width\" content=\"750\" \/>\n\t<meta property=\"og:image:height\" content=\"750\" \/>\n\t<meta property=\"og:image:type\" content=\"image\/jpeg\" \/>\n<meta name=\"twitter:card\" content=\"summary_large_image\" \/>\n<meta name=\"twitter:label1\" content=\"Est. reading time\" \/>\n\t<meta name=\"twitter:data1\" content=\"1 minute\" \/>\n<script type=\"application\/ld+json\" class=\"yoast-schema-graph\">{\"@context\":\"https:\\\/\\\/schema.org\",\"@graph\":[{\"@type\":\"WebPage\",\"@id\":\"https:\\\/\\\/norddeco.lt\\\/fr\\\/magasin\\\/salon-espace-de-vie\\\/lampe-scandinave-milans\\\/\",\"url\":\"https:\\\/\\\/norddeco.lt\\\/fr\\\/magasin\\\/salon-espace-de-vie\\\/lampe-scandinave-milans\\\/\",\"name\":\"Lampe scandinave Milan S - NordDECO - Skandinavi\u0161ko Stiliaus Med\u017eio Gaminiai\",\"isPartOf\":{\"@id\":\"https:\\\/\\\/norddeco.lt\\\/fr\\\/#website\"},\"primaryImageOfPage\":{\"@id\":\"https:\\\/\\\/norddeco.lt\\\/fr\\\/magasin\\\/salon-espace-de-vie\\\/lampe-scandinave-milans\\\/#primaryimage\"},\"image\":{\"@id\":\"https:\\\/\\\/norddeco.lt\\\/fr\\\/magasin\\\/salon-espace-de-vie\\\/lampe-scandinave-milans\\\/#primaryimage\"},\"thumbnailUrl\":\"https:\\\/\\\/norddeco.lt\\\/wp-content\\\/uploads\\\/2023\\\/12\\\/Milan-S.jpg\",\"datePublished\":\"2023-12-21T11:51:43+00:00\",\"dateModified\":\"2024-03-13T11:42:26+00:00\",\"breadcrumb\":{\"@id\":\"https:\\\/\\\/norddeco.lt\\\/fr\\\/magasin\\\/salon-espace-de-vie\\\/lampe-scandinave-milans\\\/#breadcrumb\"},\"inLanguage\":\"fr-FR\",\"potentialAction\":[{\"@type\":\"ReadAction\",\"target\":[\"https:\\\/\\\/norddeco.lt\\\/fr\\\/magasin\\\/salon-espace-de-vie\\\/lampe-scandinave-milans\\\/\"]}]},{\"@type\":\"ImageObject\",\"inLanguage\":\"fr-FR\",\"@id\":\"https:\\\/\\\/norddeco.lt\\\/fr\\\/magasin\\\/salon-espace-de-vie\\\/lampe-scandinave-milans\\\/#primaryimage\",\"url\":\"https:\\\/\\\/norddeco.lt\\\/wp-content\\\/uploads\\\/2023\\\/12\\\/Milan-S.jpg\",\"contentUrl\":\"https:\\\/\\\/norddeco.lt\\\/wp-content\\\/uploads\\\/2023\\\/12\\\/Milan-S.jpg\",\"width\":750,\"height\":750},{\"@type\":\"BreadcrumbList\",\"@id\":\"https:\\\/\\\/norddeco.lt\\\/fr\\\/magasin\\\/salon-espace-de-vie\\\/lampe-scandinave-milans\\\/#breadcrumb\",\"itemListElement\":[{\"@type\":\"ListItem\",\"position\":1,\"name\":\"Home\",\"item\":\"https:\\\/\\\/norddeco.lt\\\/fr\\\/\"},{\"@type\":\"ListItem\",\"position\":2,\"name\":\"Magasin\",\"item\":\"https:\\\/\\\/norddeco.lt\\\/fr\\\/magasin\\\/\"},{\"@type\":\"ListItem\",\"position\":3,\"name\":\"Lampe scandinave Milan S\"}]},{\"@type\":\"WebSite\",\"@id\":\"https:\\\/\\\/norddeco.lt\\\/fr\\\/#website\",\"url\":\"https:\\\/\\\/norddeco.lt\\\/fr\\\/\",\"name\":\"NordDECO - Skandinavi\u0161ko Stiliaus Med\u017eio Gaminiai\",\"description\":\"\",\"publisher\":{\"@id\":\"https:\\\/\\\/norddeco.lt\\\/fr\\\/#organization\"},\"potentialAction\":[{\"@type\":\"SearchAction\",\"target\":{\"@type\":\"EntryPoint\",\"urlTemplate\":\"https:\\\/\\\/norddeco.lt\\\/fr\\\/?s={search_term_string}\"},\"query-input\":{\"@type\":\"PropertyValueSpecification\",\"valueRequired\":true,\"valueName\":\"search_term_string\"}}],\"inLanguage\":\"fr-FR\"},{\"@type\":\"Organization\",\"@id\":\"https:\\\/\\\/norddeco.lt\\\/fr\\\/#organization\",\"name\":\"NordDECO - Skandinavi\u0161ko Stiliaus Med\u017eio Gaminiai\",\"url\":\"https:\\\/\\\/norddeco.lt\\\/fr\\\/\",\"logo\":{\"@type\":\"ImageObject\",\"inLanguage\":\"fr-FR\",\"@id\":\"https:\\\/\\\/norddeco.lt\\\/fr\\\/#\\\/schema\\\/logo\\\/image\\\/\",\"url\":\"https:\\\/\\\/norddeco.lt\\\/wp-content\\\/uploads\\\/2023\\\/11\\\/NordDECO-logo-1024x724-1.png\",\"contentUrl\":\"https:\\\/\\\/norddeco.lt\\\/wp-content\\\/uploads\\\/2023\\\/11\\\/NordDECO-logo-1024x724-1.png\",\"width\":1024,\"height\":724,\"caption\":\"NordDECO - Skandinavi\u0161ko Stiliaus Med\u017eio Gaminiai\"},\"image\":{\"@id\":\"https:\\\/\\\/norddeco.lt\\\/fr\\\/#\\\/schema\\\/logo\\\/image\\\/\"}}]}<\/script>\n<!-- \/ Yoast SEO plugin. -->","yoast_head_json":{"title":"Lampe scandinave Milan S - NordDECO - Skandinavi\u0161ko Stiliaus Med\u017eio Gaminiai","robots":{"index":"index","follow":"follow","max-snippet":"max-snippet:-1","max-image-preview":"max-image-preview:large","max-video-preview":"max-video-preview:-1"},"canonical":"https:\/\/norddeco.lt\/fr\/magasin\/salon-espace-de-vie\/lampe-scandinave-milans\/","og_locale":"fr_FR","og_type":"article","og_title":"Lampe scandinave Milan S - NordDECO - Skandinavi\u0161ko Stiliaus Med\u017eio Gaminiai","og_description":"MESURES: hauteur de la lampe: 48 cm, diam\u00e8tre \u00e0 son point le plus large: 21,7 cm. MAT\u00c9RIAU: contreplaqu\u00e9 de bouleau. La lampe en bois faite \u00e0 la main est fabriqu\u00e9e \u00e0 partir de morceaux de contreplaqu\u00e9 de bouleau naturel soigneusement s\u00e9lectionn\u00e9s. Les pi\u00e8ces d\u00e9coup\u00e9es au laser sont ponc\u00e9es, peintes et coll\u00e9es \u00e0 la main. Les lampes peuvent \u00eatre en bois naturel, marron ou noir.","og_url":"https:\/\/norddeco.lt\/fr\/magasin\/salon-espace-de-vie\/lampe-scandinave-milans\/","og_site_name":"NordDECO - Skandinavi\u0161ko Stiliaus Med\u017eio Gaminiai","article_modified_time":"2024-03-13T11:42:26+00:00","og_image":[{"width":750,"height":750,"url":"https:\/\/norddeco.lt\/wp-content\/uploads\/2023\/12\/Milan-S.jpg","type":"image\/jpeg"}],"twitter_card":"summary_large_image","twitter_misc":{"Est. reading time":"1 minute"},"schema":{"@context":"https:\/\/schema.org","@graph":[{"@type":"WebPage","@id":"https:\/\/norddeco.lt\/fr\/magasin\/salon-espace-de-vie\/lampe-scandinave-milans\/","url":"https:\/\/norddeco.lt\/fr\/magasin\/salon-espace-de-vie\/lampe-scandinave-milans\/","name":"Lampe scandinave Milan S - NordDECO - Skandinavi\u0161ko Stiliaus Med\u017eio Gaminiai","isPartOf":{"@id":"https:\/\/norddeco.lt\/fr\/#website"},"primaryImageOfPage":{"@id":"https:\/\/norddeco.lt\/fr\/magasin\/salon-espace-de-vie\/lampe-scandinave-milans\/#primaryimage"},"image":{"@id":"https:\/\/norddeco.lt\/fr\/magasin\/salon-espace-de-vie\/lampe-scandinave-milans\/#primaryimage"},"thumbnailUrl":"https:\/\/norddeco.lt\/wp-content\/uploads\/2023\/12\/Milan-S.jpg","datePublished":"2023-12-21T11:51:43+00:00","dateModified":"2024-03-13T11:42:26+00:00","breadcrumb":{"@id":"https:\/\/norddeco.lt\/fr\/magasin\/salon-espace-de-vie\/lampe-scandinave-milans\/#breadcrumb"},"inLanguage":"fr-FR","potentialAction":[{"@type":"ReadAction","target":["https:\/\/norddeco.lt\/fr\/magasin\/salon-espace-de-vie\/lampe-scandinave-milans\/"]}]},{"@type":"ImageObject","inLanguage":"fr-FR","@id":"https:\/\/norddeco.lt\/fr\/magasin\/salon-espace-de-vie\/lampe-scandinave-milans\/#primaryimage","url":"https:\/\/norddeco.lt\/wp-content\/uploads\/2023\/12\/Milan-S.jpg","contentUrl":"https:\/\/norddeco.lt\/wp-content\/uploads\/2023\/12\/Milan-S.jpg","width":750,"height":750},{"@type":"BreadcrumbList","@id":"https:\/\/norddeco.lt\/fr\/magasin\/salon-espace-de-vie\/lampe-scandinave-milans\/#breadcrumb","itemListElement":[{"@type":"ListItem","position":1,"name":"Home","item":"https:\/\/norddeco.lt\/fr\/"},{"@type":"ListItem","position":2,"name":"Magasin","item":"https:\/\/norddeco.lt\/fr\/magasin\/"},{"@type":"ListItem","position":3,"name":"Lampe scandinave Milan S"}]},{"@type":"WebSite","@id":"https:\/\/norddeco.lt\/fr\/#website","url":"https:\/\/norddeco.lt\/fr\/","name":"NordDECO - Skandinavi\u0161ko Stiliaus Med\u017eio Gaminiai","description":"","publisher":{"@id":"https:\/\/norddeco.lt\/fr\/#organization"},"potentialAction":[{"@type":"SearchAction","target":{"@type":"EntryPoint","urlTemplate":"https:\/\/norddeco.lt\/fr\/?s={search_term_string}"},"query-input":{"@type":"PropertyValueSpecification","valueRequired":true,"valueName":"search_term_string"}}],"inLanguage":"fr-FR"},{"@type":"Organization","@id":"https:\/\/norddeco.lt\/fr\/#organization","name":"NordDECO - Skandinavi\u0161ko Stiliaus Med\u017eio Gaminiai","url":"https:\/\/norddeco.lt\/fr\/","logo":{"@type":"ImageObject","inLanguage":"fr-FR","@id":"https:\/\/norddeco.lt\/fr\/#\/schema\/logo\/image\/","url":"https:\/\/norddeco.lt\/wp-content\/uploads\/2023\/11\/NordDECO-logo-1024x724-1.png","contentUrl":"https:\/\/norddeco.lt\/wp-content\/uploads\/2023\/11\/NordDECO-logo-1024x724-1.png","width":1024,"height":724,"caption":"NordDECO - Skandinavi\u0161ko Stiliaus Med\u017eio Gaminiai"},"image":{"@id":"https:\/\/norddeco.lt\/fr\/#\/schema\/logo\/image\/"}}]}},"_links":{"self":[{"href":"https:\/\/norddeco.lt\/fr\/wp-json\/wp\/v2\/product\/6306","targetHints":{"allow":["GET"]}}],"collection":[{"href":"https:\/\/norddeco.lt\/fr\/wp-json\/wp\/v2\/product"}],"about":[{"href":"https:\/\/norddeco.lt\/fr\/wp-json\/wp\/v2\/types\/product"}],"wp:featuredmedia":[{"embeddable":true,"href":"https:\/\/norddeco.lt\/fr\/wp-json\/wp\/v2\/media\/5148"}],"wp:attachment":[{"href":"https:\/\/norddeco.lt\/fr\/wp-json\/wp\/v2\/media?parent=6306"}],"wp:term":[{"taxonomy":"product_cat","embeddable":true,"href":"https:\/\/norddeco.lt\/fr\/wp-json\/wp\/v2\/product_cat?post=6306"},{"taxonomy":"product_tag","embeddable":true,"href":"https:\/\/norddeco.lt\/fr\/wp-json\/wp\/v2\/product_tag?post=6306"}],"curies":[{"name":"wp","href":"https:\/\/api.w.org\/{rel}","templated":true}]}}