{"id":6519,"date":"2023-12-21T11:51:29","date_gmt":"2023-12-21T11:51:29","guid":{"rendered":"https:\/\/norddeco.lt\/parduotuve\/non%20class\u00e9\/azuoline-pjaustymo-lentele-paris-03\/"},"modified":"2024-03-14T14:21:55","modified_gmt":"2024-03-14T14:21:55","slug":"planche-paris-03","status":"publish","type":"product","link":"https:\/\/norddeco.lt\/fr\/magasin\/collection-francaise\/planche-paris-03\/","title":{"rendered":"Planche \u00e0 d\u00e9couper en ch\u00eane Paris 03"},"content":{"rendered":"<p>DIMENSIONS: 30,0 x 21,0 x 2,0 cm.<\/p>\n<p>TYPE DE BOIS: Ch\u00eane.<\/p>\n<p>M\u00c9THODE DE FABRICATION: Gravure laser.<\/p>\n<p>Seule une face de la planche \u00e0 d\u00e9couper est grav\u00e9e.<\/p>\n<p>Les planches sont produites et grav\u00e9es selon votre commande. Selon la charge de travail, le d\u00e9lai de production est de 2 \u00e0 5 jours ouvrables.<\/p>\n<p>L&rsquo;apparence r\u00e9elle et la couleur du produit peuvent l\u00e9g\u00e8rement diff\u00e9rer de celles montr\u00e9es sur la photo en raison des diff\u00e9rents moniteurs et de leurs param\u00e8tres<\/p>\n","protected":false},"excerpt":{"rendered":"<p>DIMENSIONS: 30,0 x 21,0 x 2,0 cm.<br \/>\nTYPE DE BOIS: Ch\u00eane.<br \/>\nM\u00c9THODE DE FABRICATION: Gravure laser.<\/p>\n<p>Seule une face de la planche \u00e0 d\u00e9couper est grav\u00e9e.<\/p>\n<p>Les planches sont produites et grav\u00e9es selon votre commande. Selon la charge de travail, le d\u00e9lai de production est de 2 \u00e0 5 jours ouvrables.<\/p>\n","protected":false},"featured_media":5582,"template":"","meta":[],"product_cat":[159,167,166],"product_tag":[],"class_list":{"0":"post-6519","1":"product","2":"type-product","3":"status-publish","4":"has-post-thumbnail","6":"product_cat-collection-francaise","7":"product_cat-cuisine-salle-a-manger","8":"product_cat-planches-a-decouper","10":"first","11":"instock","12":"taxable","13":"shipping-taxable","14":"purchasable","15":"product-type-simple"},"yoast_head":"<!-- This site is optimized with the Yoast SEO plugin v27.4 - https:\/\/yoast.com\/product\/yoast-seo-wordpress\/ -->\n<title>Planche \u00e0 d\u00e9couper en ch\u00eane Paris 03 - NordDECO - Skandinavi\u0161ko Stiliaus Med\u017eio Gaminiai<\/title>\n<meta name=\"robots\" content=\"index, follow, max-snippet:-1, max-image-preview:large, max-video-preview:-1\" \/>\n<link rel=\"canonical\" href=\"https:\/\/norddeco.lt\/fr\/magasin\/collection-francaise\/planche-paris-03\/\" \/>\n<meta property=\"og:locale\" content=\"fr_FR\" \/>\n<meta property=\"og:type\" content=\"article\" \/>\n<meta property=\"og:title\" content=\"Planche \u00e0 d\u00e9couper en ch\u00eane Paris 03 - NordDECO - Skandinavi\u0161ko Stiliaus Med\u017eio Gaminiai\" \/>\n<meta property=\"og:description\" content=\"DIMENSIONS: 30,0 x 21,0 x 2,0 cm. TYPE DE BOIS: Ch\u00eane. M\u00c9THODE DE FABRICATION: Gravure laser. Seule une face de la planche \u00e0 d\u00e9couper est grav\u00e9e. Les planches sont produites et grav\u00e9es selon votre commande. Selon la charge de travail, le d\u00e9lai de production est de 2 \u00e0 5 jours ouvrables.\" \/>\n<meta property=\"og:url\" content=\"https:\/\/norddeco.lt\/fr\/magasin\/collection-francaise\/planche-paris-03\/\" \/>\n<meta property=\"og:site_name\" content=\"NordDECO - Skandinavi\u0161ko Stiliaus Med\u017eio Gaminiai\" \/>\n<meta property=\"article:modified_time\" content=\"2024-03-14T14:21:55+00:00\" \/>\n<meta property=\"og:image\" content=\"https:\/\/norddeco.lt\/wp-content\/uploads\/2023\/12\/cutting-board-paris-03-1.jpg\" \/>\n\t<meta property=\"og:image:width\" content=\"1000\" \/>\n\t<meta property=\"og:image:height\" content=\"1000\" \/>\n\t<meta property=\"og:image:type\" content=\"image\/jpeg\" \/>\n<meta name=\"twitter:card\" content=\"summary_large_image\" \/>\n<script type=\"application\/ld+json\" class=\"yoast-schema-graph\">{\"@context\":\"https:\\\/\\\/schema.org\",\"@graph\":[{\"@type\":\"WebPage\",\"@id\":\"https:\\\/\\\/norddeco.lt\\\/fr\\\/magasin\\\/collection-francaise\\\/planche-paris-03\\\/\",\"url\":\"https:\\\/\\\/norddeco.lt\\\/fr\\\/magasin\\\/collection-francaise\\\/planche-paris-03\\\/\",\"name\":\"Planche \u00e0 d\u00e9couper en ch\u00eane Paris 03 - NordDECO - Skandinavi\u0161ko Stiliaus Med\u017eio Gaminiai\",\"isPartOf\":{\"@id\":\"https:\\\/\\\/norddeco.lt\\\/fr\\\/#website\"},\"primaryImageOfPage\":{\"@id\":\"https:\\\/\\\/norddeco.lt\\\/fr\\\/magasin\\\/collection-francaise\\\/planche-paris-03\\\/#primaryimage\"},\"image\":{\"@id\":\"https:\\\/\\\/norddeco.lt\\\/fr\\\/magasin\\\/collection-francaise\\\/planche-paris-03\\\/#primaryimage\"},\"thumbnailUrl\":\"https:\\\/\\\/norddeco.lt\\\/wp-content\\\/uploads\\\/2023\\\/12\\\/cutting-board-paris-03-1.jpg\",\"datePublished\":\"2023-12-21T11:51:29+00:00\",\"dateModified\":\"2024-03-14T14:21:55+00:00\",\"breadcrumb\":{\"@id\":\"https:\\\/\\\/norddeco.lt\\\/fr\\\/magasin\\\/collection-francaise\\\/planche-paris-03\\\/#breadcrumb\"},\"inLanguage\":\"fr-FR\",\"potentialAction\":[{\"@type\":\"ReadAction\",\"target\":[\"https:\\\/\\\/norddeco.lt\\\/fr\\\/magasin\\\/collection-francaise\\\/planche-paris-03\\\/\"]}]},{\"@type\":\"ImageObject\",\"inLanguage\":\"fr-FR\",\"@id\":\"https:\\\/\\\/norddeco.lt\\\/fr\\\/magasin\\\/collection-francaise\\\/planche-paris-03\\\/#primaryimage\",\"url\":\"https:\\\/\\\/norddeco.lt\\\/wp-content\\\/uploads\\\/2023\\\/12\\\/cutting-board-paris-03-1.jpg\",\"contentUrl\":\"https:\\\/\\\/norddeco.lt\\\/wp-content\\\/uploads\\\/2023\\\/12\\\/cutting-board-paris-03-1.jpg\",\"width\":1000,\"height\":1000},{\"@type\":\"BreadcrumbList\",\"@id\":\"https:\\\/\\\/norddeco.lt\\\/fr\\\/magasin\\\/collection-francaise\\\/planche-paris-03\\\/#breadcrumb\",\"itemListElement\":[{\"@type\":\"ListItem\",\"position\":1,\"name\":\"Home\",\"item\":\"https:\\\/\\\/norddeco.lt\\\/fr\\\/\"},{\"@type\":\"ListItem\",\"position\":2,\"name\":\"Magasin\",\"item\":\"https:\\\/\\\/norddeco.lt\\\/fr\\\/magasin\\\/\"},{\"@type\":\"ListItem\",\"position\":3,\"name\":\"Planche \u00e0 d\u00e9couper en ch\u00eane Paris 03\"}]},{\"@type\":\"WebSite\",\"@id\":\"https:\\\/\\\/norddeco.lt\\\/fr\\\/#website\",\"url\":\"https:\\\/\\\/norddeco.lt\\\/fr\\\/\",\"name\":\"NordDECO - Skandinavi\u0161ko Stiliaus Med\u017eio Gaminiai\",\"description\":\"\",\"publisher\":{\"@id\":\"https:\\\/\\\/norddeco.lt\\\/fr\\\/#organization\"},\"potentialAction\":[{\"@type\":\"SearchAction\",\"target\":{\"@type\":\"EntryPoint\",\"urlTemplate\":\"https:\\\/\\\/norddeco.lt\\\/fr\\\/?s={search_term_string}\"},\"query-input\":{\"@type\":\"PropertyValueSpecification\",\"valueRequired\":true,\"valueName\":\"search_term_string\"}}],\"inLanguage\":\"fr-FR\"},{\"@type\":\"Organization\",\"@id\":\"https:\\\/\\\/norddeco.lt\\\/fr\\\/#organization\",\"name\":\"NordDECO - Skandinavi\u0161ko Stiliaus Med\u017eio Gaminiai\",\"url\":\"https:\\\/\\\/norddeco.lt\\\/fr\\\/\",\"logo\":{\"@type\":\"ImageObject\",\"inLanguage\":\"fr-FR\",\"@id\":\"https:\\\/\\\/norddeco.lt\\\/fr\\\/#\\\/schema\\\/logo\\\/image\\\/\",\"url\":\"https:\\\/\\\/norddeco.lt\\\/wp-content\\\/uploads\\\/2023\\\/11\\\/NordDECO-logo-1024x724-1.png\",\"contentUrl\":\"https:\\\/\\\/norddeco.lt\\\/wp-content\\\/uploads\\\/2023\\\/11\\\/NordDECO-logo-1024x724-1.png\",\"width\":1024,\"height\":724,\"caption\":\"NordDECO - Skandinavi\u0161ko Stiliaus Med\u017eio Gaminiai\"},\"image\":{\"@id\":\"https:\\\/\\\/norddeco.lt\\\/fr\\\/#\\\/schema\\\/logo\\\/image\\\/\"}}]}<\/script>\n<!-- \/ Yoast SEO plugin. -->","yoast_head_json":{"title":"Planche \u00e0 d\u00e9couper en ch\u00eane Paris 03 - NordDECO - Skandinavi\u0161ko Stiliaus Med\u017eio Gaminiai","robots":{"index":"index","follow":"follow","max-snippet":"max-snippet:-1","max-image-preview":"max-image-preview:large","max-video-preview":"max-video-preview:-1"},"canonical":"https:\/\/norddeco.lt\/fr\/magasin\/collection-francaise\/planche-paris-03\/","og_locale":"fr_FR","og_type":"article","og_title":"Planche \u00e0 d\u00e9couper en ch\u00eane Paris 03 - NordDECO - Skandinavi\u0161ko Stiliaus Med\u017eio Gaminiai","og_description":"DIMENSIONS: 30,0 x 21,0 x 2,0 cm. TYPE DE BOIS: Ch\u00eane. M\u00c9THODE DE FABRICATION: Gravure laser. Seule une face de la planche \u00e0 d\u00e9couper est grav\u00e9e. Les planches sont produites et grav\u00e9es selon votre commande. Selon la charge de travail, le d\u00e9lai de production est de 2 \u00e0 5 jours ouvrables.","og_url":"https:\/\/norddeco.lt\/fr\/magasin\/collection-francaise\/planche-paris-03\/","og_site_name":"NordDECO - Skandinavi\u0161ko Stiliaus Med\u017eio Gaminiai","article_modified_time":"2024-03-14T14:21:55+00:00","og_image":[{"width":1000,"height":1000,"url":"https:\/\/norddeco.lt\/wp-content\/uploads\/2023\/12\/cutting-board-paris-03-1.jpg","type":"image\/jpeg"}],"twitter_card":"summary_large_image","schema":{"@context":"https:\/\/schema.org","@graph":[{"@type":"WebPage","@id":"https:\/\/norddeco.lt\/fr\/magasin\/collection-francaise\/planche-paris-03\/","url":"https:\/\/norddeco.lt\/fr\/magasin\/collection-francaise\/planche-paris-03\/","name":"Planche \u00e0 d\u00e9couper en ch\u00eane Paris 03 - NordDECO - Skandinavi\u0161ko Stiliaus Med\u017eio Gaminiai","isPartOf":{"@id":"https:\/\/norddeco.lt\/fr\/#website"},"primaryImageOfPage":{"@id":"https:\/\/norddeco.lt\/fr\/magasin\/collection-francaise\/planche-paris-03\/#primaryimage"},"image":{"@id":"https:\/\/norddeco.lt\/fr\/magasin\/collection-francaise\/planche-paris-03\/#primaryimage"},"thumbnailUrl":"https:\/\/norddeco.lt\/wp-content\/uploads\/2023\/12\/cutting-board-paris-03-1.jpg","datePublished":"2023-12-21T11:51:29+00:00","dateModified":"2024-03-14T14:21:55+00:00","breadcrumb":{"@id":"https:\/\/norddeco.lt\/fr\/magasin\/collection-francaise\/planche-paris-03\/#breadcrumb"},"inLanguage":"fr-FR","potentialAction":[{"@type":"ReadAction","target":["https:\/\/norddeco.lt\/fr\/magasin\/collection-francaise\/planche-paris-03\/"]}]},{"@type":"ImageObject","inLanguage":"fr-FR","@id":"https:\/\/norddeco.lt\/fr\/magasin\/collection-francaise\/planche-paris-03\/#primaryimage","url":"https:\/\/norddeco.lt\/wp-content\/uploads\/2023\/12\/cutting-board-paris-03-1.jpg","contentUrl":"https:\/\/norddeco.lt\/wp-content\/uploads\/2023\/12\/cutting-board-paris-03-1.jpg","width":1000,"height":1000},{"@type":"BreadcrumbList","@id":"https:\/\/norddeco.lt\/fr\/magasin\/collection-francaise\/planche-paris-03\/#breadcrumb","itemListElement":[{"@type":"ListItem","position":1,"name":"Home","item":"https:\/\/norddeco.lt\/fr\/"},{"@type":"ListItem","position":2,"name":"Magasin","item":"https:\/\/norddeco.lt\/fr\/magasin\/"},{"@type":"ListItem","position":3,"name":"Planche \u00e0 d\u00e9couper en ch\u00eane Paris 03"}]},{"@type":"WebSite","@id":"https:\/\/norddeco.lt\/fr\/#website","url":"https:\/\/norddeco.lt\/fr\/","name":"NordDECO - Skandinavi\u0161ko Stiliaus Med\u017eio Gaminiai","description":"","publisher":{"@id":"https:\/\/norddeco.lt\/fr\/#organization"},"potentialAction":[{"@type":"SearchAction","target":{"@type":"EntryPoint","urlTemplate":"https:\/\/norddeco.lt\/fr\/?s={search_term_string}"},"query-input":{"@type":"PropertyValueSpecification","valueRequired":true,"valueName":"search_term_string"}}],"inLanguage":"fr-FR"},{"@type":"Organization","@id":"https:\/\/norddeco.lt\/fr\/#organization","name":"NordDECO - Skandinavi\u0161ko Stiliaus Med\u017eio Gaminiai","url":"https:\/\/norddeco.lt\/fr\/","logo":{"@type":"ImageObject","inLanguage":"fr-FR","@id":"https:\/\/norddeco.lt\/fr\/#\/schema\/logo\/image\/","url":"https:\/\/norddeco.lt\/wp-content\/uploads\/2023\/11\/NordDECO-logo-1024x724-1.png","contentUrl":"https:\/\/norddeco.lt\/wp-content\/uploads\/2023\/11\/NordDECO-logo-1024x724-1.png","width":1024,"height":724,"caption":"NordDECO - Skandinavi\u0161ko Stiliaus Med\u017eio Gaminiai"},"image":{"@id":"https:\/\/norddeco.lt\/fr\/#\/schema\/logo\/image\/"}}]}},"_links":{"self":[{"href":"https:\/\/norddeco.lt\/fr\/wp-json\/wp\/v2\/product\/6519","targetHints":{"allow":["GET"]}}],"collection":[{"href":"https:\/\/norddeco.lt\/fr\/wp-json\/wp\/v2\/product"}],"about":[{"href":"https:\/\/norddeco.lt\/fr\/wp-json\/wp\/v2\/types\/product"}],"wp:featuredmedia":[{"embeddable":true,"href":"https:\/\/norddeco.lt\/fr\/wp-json\/wp\/v2\/media\/5582"}],"wp:attachment":[{"href":"https:\/\/norddeco.lt\/fr\/wp-json\/wp\/v2\/media?parent=6519"}],"wp:term":[{"taxonomy":"product_cat","embeddable":true,"href":"https:\/\/norddeco.lt\/fr\/wp-json\/wp\/v2\/product_cat?post=6519"},{"taxonomy":"product_tag","embeddable":true,"href":"https:\/\/norddeco.lt\/fr\/wp-json\/wp\/v2\/product_tag?post=6519"}],"curies":[{"name":"wp","href":"https:\/\/api.w.org\/{rel}","templated":true}]}}