{"id":6531,"date":"2023-12-21T11:51:29","date_gmt":"2023-12-21T11:51:29","guid":{"rendered":"https:\/\/norddeco.lt\/parduotuve\/non%20class\u00e9\/vilnonis-pledas-klaipedos-krastas\/"},"modified":"2024-03-14T14:09:17","modified_gmt":"2024-03-14T14:09:17","slug":"couverture-en-laine-klaipeda","status":"publish","type":"product","link":"https:\/\/norddeco.lt\/fr\/magasin\/collection-lituanienne\/couverture-en-laine-klaipeda\/","title":{"rendered":"Couverture en laine Klaip\u0117da"},"content":{"rendered":"<p>MESURES: 130 x 180 cm avec des franges.<\/p>\n<p>COMPOSITION: 100 % laine de mouton de Nouvelle-Z\u00e9lande.<\/p>\n<p>TECHNOLOGIE: Tissage jacquard.<\/p>\n<p>COULEUR: blanc\/gris.<\/p>\n<p>POIDS: 1,1 kg (480 gr\/m\u00b2).<\/p>\n<p>\u00c9paisseur du fil: 28,9 microns.<\/p>\n<p>Fabriqu\u00e9 en Lituanie.<\/p>\n<p>L&rsquo;apparence r\u00e9elle et la couleur du produit peuvent l\u00e9g\u00e8rement diff\u00e9rer de celles montr\u00e9es sur la photo en raison des diff\u00e9rents moniteurs et de leurs param\u00e8tres<\/p>\n","protected":false},"excerpt":{"rendered":"<p>MESURES: 130 x 180 cm avec des franges.<\/p>\n<p>COMPOSITION: 100 % laine de mouton de Nouvelle-Z\u00e9lande.<\/p>\n<p>COULEUR: blanc\/gris.<\/p>\n<p>POIDS: 1,1 kg (480 gr\/m\u00b2).<\/p>\n<p>\u00c9paisseur du fil: 28,9 microns.<\/p>\n<p>Fabriqu\u00e9 en Lituanie.<\/p>\n","protected":false},"featured_media":5387,"template":"","meta":[],"product_cat":[126,133,132],"product_tag":[],"class_list":{"0":"post-6531","1":"product","2":"type-product","3":"status-publish","4":"has-post-thumbnail","6":"product_cat-collection-lituanienne","7":"product_cat-couvertures-en-laine","8":"product_cat-salon-espace-de-vie","10":"first","11":"instock","12":"taxable","13":"shipping-taxable","14":"purchasable","15":"product-type-simple"},"yoast_head":"<!-- This site is optimized with the Yoast SEO plugin v27.4 - https:\/\/yoast.com\/product\/yoast-seo-wordpress\/ -->\n<title>Couverture en laine Klaip\u0117da - NordDECO - Skandinavi\u0161ko Stiliaus Med\u017eio Gaminiai<\/title>\n<meta name=\"robots\" content=\"index, follow, max-snippet:-1, max-image-preview:large, max-video-preview:-1\" \/>\n<link rel=\"canonical\" href=\"https:\/\/norddeco.lt\/fr\/magasin\/collection-lituanienne\/couverture-en-laine-klaipeda\/\" \/>\n<meta property=\"og:locale\" content=\"fr_FR\" \/>\n<meta property=\"og:type\" content=\"article\" \/>\n<meta property=\"og:title\" content=\"Couverture en laine Klaip\u0117da - NordDECO - Skandinavi\u0161ko Stiliaus Med\u017eio Gaminiai\" \/>\n<meta property=\"og:description\" content=\"MESURES: 130 x 180 cm avec des franges. COMPOSITION: 100 % laine de mouton de Nouvelle-Z\u00e9lande. COULEUR: blanc\/gris. POIDS: 1,1 kg (480 gr\/m\u00b2). \u00c9paisseur du fil: 28,9 microns. Fabriqu\u00e9 en Lituanie.\" \/>\n<meta property=\"og:url\" content=\"https:\/\/norddeco.lt\/fr\/magasin\/collection-lituanienne\/couverture-en-laine-klaipeda\/\" \/>\n<meta property=\"og:site_name\" content=\"NordDECO - Skandinavi\u0161ko Stiliaus Med\u017eio Gaminiai\" \/>\n<meta property=\"article:modified_time\" content=\"2024-03-14T14:09:17+00:00\" \/>\n<meta property=\"og:image\" content=\"https:\/\/norddeco.lt\/wp-content\/uploads\/2023\/12\/wool-blanket-klaipeda-1.jpg\" \/>\n\t<meta property=\"og:image:width\" content=\"1000\" \/>\n\t<meta property=\"og:image:height\" content=\"1000\" \/>\n\t<meta property=\"og:image:type\" content=\"image\/jpeg\" \/>\n<meta name=\"twitter:card\" content=\"summary_large_image\" \/>\n<script type=\"application\/ld+json\" class=\"yoast-schema-graph\">{\"@context\":\"https:\\\/\\\/schema.org\",\"@graph\":[{\"@type\":\"WebPage\",\"@id\":\"https:\\\/\\\/norddeco.lt\\\/fr\\\/magasin\\\/collection-lituanienne\\\/couverture-en-laine-klaipeda\\\/\",\"url\":\"https:\\\/\\\/norddeco.lt\\\/fr\\\/magasin\\\/collection-lituanienne\\\/couverture-en-laine-klaipeda\\\/\",\"name\":\"Couverture en laine Klaip\u0117da - NordDECO - Skandinavi\u0161ko Stiliaus Med\u017eio Gaminiai\",\"isPartOf\":{\"@id\":\"https:\\\/\\\/norddeco.lt\\\/fr\\\/#website\"},\"primaryImageOfPage\":{\"@id\":\"https:\\\/\\\/norddeco.lt\\\/fr\\\/magasin\\\/collection-lituanienne\\\/couverture-en-laine-klaipeda\\\/#primaryimage\"},\"image\":{\"@id\":\"https:\\\/\\\/norddeco.lt\\\/fr\\\/magasin\\\/collection-lituanienne\\\/couverture-en-laine-klaipeda\\\/#primaryimage\"},\"thumbnailUrl\":\"https:\\\/\\\/norddeco.lt\\\/wp-content\\\/uploads\\\/2023\\\/12\\\/wool-blanket-klaipeda-1.jpg\",\"datePublished\":\"2023-12-21T11:51:29+00:00\",\"dateModified\":\"2024-03-14T14:09:17+00:00\",\"breadcrumb\":{\"@id\":\"https:\\\/\\\/norddeco.lt\\\/fr\\\/magasin\\\/collection-lituanienne\\\/couverture-en-laine-klaipeda\\\/#breadcrumb\"},\"inLanguage\":\"fr-FR\",\"potentialAction\":[{\"@type\":\"ReadAction\",\"target\":[\"https:\\\/\\\/norddeco.lt\\\/fr\\\/magasin\\\/collection-lituanienne\\\/couverture-en-laine-klaipeda\\\/\"]}]},{\"@type\":\"ImageObject\",\"inLanguage\":\"fr-FR\",\"@id\":\"https:\\\/\\\/norddeco.lt\\\/fr\\\/magasin\\\/collection-lituanienne\\\/couverture-en-laine-klaipeda\\\/#primaryimage\",\"url\":\"https:\\\/\\\/norddeco.lt\\\/wp-content\\\/uploads\\\/2023\\\/12\\\/wool-blanket-klaipeda-1.jpg\",\"contentUrl\":\"https:\\\/\\\/norddeco.lt\\\/wp-content\\\/uploads\\\/2023\\\/12\\\/wool-blanket-klaipeda-1.jpg\",\"width\":1000,\"height\":1000},{\"@type\":\"BreadcrumbList\",\"@id\":\"https:\\\/\\\/norddeco.lt\\\/fr\\\/magasin\\\/collection-lituanienne\\\/couverture-en-laine-klaipeda\\\/#breadcrumb\",\"itemListElement\":[{\"@type\":\"ListItem\",\"position\":1,\"name\":\"Home\",\"item\":\"https:\\\/\\\/norddeco.lt\\\/fr\\\/\"},{\"@type\":\"ListItem\",\"position\":2,\"name\":\"Magasin\",\"item\":\"https:\\\/\\\/norddeco.lt\\\/fr\\\/magasin\\\/\"},{\"@type\":\"ListItem\",\"position\":3,\"name\":\"Couverture en laine Klaip\u0117da\"}]},{\"@type\":\"WebSite\",\"@id\":\"https:\\\/\\\/norddeco.lt\\\/fr\\\/#website\",\"url\":\"https:\\\/\\\/norddeco.lt\\\/fr\\\/\",\"name\":\"NordDECO - Skandinavi\u0161ko Stiliaus Med\u017eio Gaminiai\",\"description\":\"\",\"publisher\":{\"@id\":\"https:\\\/\\\/norddeco.lt\\\/fr\\\/#organization\"},\"potentialAction\":[{\"@type\":\"SearchAction\",\"target\":{\"@type\":\"EntryPoint\",\"urlTemplate\":\"https:\\\/\\\/norddeco.lt\\\/fr\\\/?s={search_term_string}\"},\"query-input\":{\"@type\":\"PropertyValueSpecification\",\"valueRequired\":true,\"valueName\":\"search_term_string\"}}],\"inLanguage\":\"fr-FR\"},{\"@type\":\"Organization\",\"@id\":\"https:\\\/\\\/norddeco.lt\\\/fr\\\/#organization\",\"name\":\"NordDECO - Skandinavi\u0161ko Stiliaus Med\u017eio Gaminiai\",\"url\":\"https:\\\/\\\/norddeco.lt\\\/fr\\\/\",\"logo\":{\"@type\":\"ImageObject\",\"inLanguage\":\"fr-FR\",\"@id\":\"https:\\\/\\\/norddeco.lt\\\/fr\\\/#\\\/schema\\\/logo\\\/image\\\/\",\"url\":\"https:\\\/\\\/norddeco.lt\\\/wp-content\\\/uploads\\\/2023\\\/11\\\/NordDECO-logo-1024x724-1.png\",\"contentUrl\":\"https:\\\/\\\/norddeco.lt\\\/wp-content\\\/uploads\\\/2023\\\/11\\\/NordDECO-logo-1024x724-1.png\",\"width\":1024,\"height\":724,\"caption\":\"NordDECO - Skandinavi\u0161ko Stiliaus Med\u017eio Gaminiai\"},\"image\":{\"@id\":\"https:\\\/\\\/norddeco.lt\\\/fr\\\/#\\\/schema\\\/logo\\\/image\\\/\"}}]}<\/script>\n<!-- \/ Yoast SEO plugin. -->","yoast_head_json":{"title":"Couverture en laine Klaip\u0117da - NordDECO - Skandinavi\u0161ko Stiliaus Med\u017eio Gaminiai","robots":{"index":"index","follow":"follow","max-snippet":"max-snippet:-1","max-image-preview":"max-image-preview:large","max-video-preview":"max-video-preview:-1"},"canonical":"https:\/\/norddeco.lt\/fr\/magasin\/collection-lituanienne\/couverture-en-laine-klaipeda\/","og_locale":"fr_FR","og_type":"article","og_title":"Couverture en laine Klaip\u0117da - NordDECO - Skandinavi\u0161ko Stiliaus Med\u017eio Gaminiai","og_description":"MESURES: 130 x 180 cm avec des franges. COMPOSITION: 100 % laine de mouton de Nouvelle-Z\u00e9lande. COULEUR: blanc\/gris. POIDS: 1,1 kg (480 gr\/m\u00b2). \u00c9paisseur du fil: 28,9 microns. Fabriqu\u00e9 en Lituanie.","og_url":"https:\/\/norddeco.lt\/fr\/magasin\/collection-lituanienne\/couverture-en-laine-klaipeda\/","og_site_name":"NordDECO - Skandinavi\u0161ko Stiliaus Med\u017eio Gaminiai","article_modified_time":"2024-03-14T14:09:17+00:00","og_image":[{"width":1000,"height":1000,"url":"https:\/\/norddeco.lt\/wp-content\/uploads\/2023\/12\/wool-blanket-klaipeda-1.jpg","type":"image\/jpeg"}],"twitter_card":"summary_large_image","schema":{"@context":"https:\/\/schema.org","@graph":[{"@type":"WebPage","@id":"https:\/\/norddeco.lt\/fr\/magasin\/collection-lituanienne\/couverture-en-laine-klaipeda\/","url":"https:\/\/norddeco.lt\/fr\/magasin\/collection-lituanienne\/couverture-en-laine-klaipeda\/","name":"Couverture en laine Klaip\u0117da - NordDECO - Skandinavi\u0161ko Stiliaus Med\u017eio Gaminiai","isPartOf":{"@id":"https:\/\/norddeco.lt\/fr\/#website"},"primaryImageOfPage":{"@id":"https:\/\/norddeco.lt\/fr\/magasin\/collection-lituanienne\/couverture-en-laine-klaipeda\/#primaryimage"},"image":{"@id":"https:\/\/norddeco.lt\/fr\/magasin\/collection-lituanienne\/couverture-en-laine-klaipeda\/#primaryimage"},"thumbnailUrl":"https:\/\/norddeco.lt\/wp-content\/uploads\/2023\/12\/wool-blanket-klaipeda-1.jpg","datePublished":"2023-12-21T11:51:29+00:00","dateModified":"2024-03-14T14:09:17+00:00","breadcrumb":{"@id":"https:\/\/norddeco.lt\/fr\/magasin\/collection-lituanienne\/couverture-en-laine-klaipeda\/#breadcrumb"},"inLanguage":"fr-FR","potentialAction":[{"@type":"ReadAction","target":["https:\/\/norddeco.lt\/fr\/magasin\/collection-lituanienne\/couverture-en-laine-klaipeda\/"]}]},{"@type":"ImageObject","inLanguage":"fr-FR","@id":"https:\/\/norddeco.lt\/fr\/magasin\/collection-lituanienne\/couverture-en-laine-klaipeda\/#primaryimage","url":"https:\/\/norddeco.lt\/wp-content\/uploads\/2023\/12\/wool-blanket-klaipeda-1.jpg","contentUrl":"https:\/\/norddeco.lt\/wp-content\/uploads\/2023\/12\/wool-blanket-klaipeda-1.jpg","width":1000,"height":1000},{"@type":"BreadcrumbList","@id":"https:\/\/norddeco.lt\/fr\/magasin\/collection-lituanienne\/couverture-en-laine-klaipeda\/#breadcrumb","itemListElement":[{"@type":"ListItem","position":1,"name":"Home","item":"https:\/\/norddeco.lt\/fr\/"},{"@type":"ListItem","position":2,"name":"Magasin","item":"https:\/\/norddeco.lt\/fr\/magasin\/"},{"@type":"ListItem","position":3,"name":"Couverture en laine Klaip\u0117da"}]},{"@type":"WebSite","@id":"https:\/\/norddeco.lt\/fr\/#website","url":"https:\/\/norddeco.lt\/fr\/","name":"NordDECO - Skandinavi\u0161ko Stiliaus Med\u017eio Gaminiai","description":"","publisher":{"@id":"https:\/\/norddeco.lt\/fr\/#organization"},"potentialAction":[{"@type":"SearchAction","target":{"@type":"EntryPoint","urlTemplate":"https:\/\/norddeco.lt\/fr\/?s={search_term_string}"},"query-input":{"@type":"PropertyValueSpecification","valueRequired":true,"valueName":"search_term_string"}}],"inLanguage":"fr-FR"},{"@type":"Organization","@id":"https:\/\/norddeco.lt\/fr\/#organization","name":"NordDECO - Skandinavi\u0161ko Stiliaus Med\u017eio Gaminiai","url":"https:\/\/norddeco.lt\/fr\/","logo":{"@type":"ImageObject","inLanguage":"fr-FR","@id":"https:\/\/norddeco.lt\/fr\/#\/schema\/logo\/image\/","url":"https:\/\/norddeco.lt\/wp-content\/uploads\/2023\/11\/NordDECO-logo-1024x724-1.png","contentUrl":"https:\/\/norddeco.lt\/wp-content\/uploads\/2023\/11\/NordDECO-logo-1024x724-1.png","width":1024,"height":724,"caption":"NordDECO - Skandinavi\u0161ko Stiliaus Med\u017eio Gaminiai"},"image":{"@id":"https:\/\/norddeco.lt\/fr\/#\/schema\/logo\/image\/"}}]}},"_links":{"self":[{"href":"https:\/\/norddeco.lt\/fr\/wp-json\/wp\/v2\/product\/6531","targetHints":{"allow":["GET"]}}],"collection":[{"href":"https:\/\/norddeco.lt\/fr\/wp-json\/wp\/v2\/product"}],"about":[{"href":"https:\/\/norddeco.lt\/fr\/wp-json\/wp\/v2\/types\/product"}],"wp:featuredmedia":[{"embeddable":true,"href":"https:\/\/norddeco.lt\/fr\/wp-json\/wp\/v2\/media\/5387"}],"wp:attachment":[{"href":"https:\/\/norddeco.lt\/fr\/wp-json\/wp\/v2\/media?parent=6531"}],"wp:term":[{"taxonomy":"product_cat","embeddable":true,"href":"https:\/\/norddeco.lt\/fr\/wp-json\/wp\/v2\/product_cat?post=6531"},{"taxonomy":"product_tag","embeddable":true,"href":"https:\/\/norddeco.lt\/fr\/wp-json\/wp\/v2\/product_tag?post=6531"}],"curies":[{"name":"wp","href":"https:\/\/api.w.org\/{rel}","templated":true}]}}