{"id":6585,"date":"2023-12-21T11:51:22","date_gmt":"2023-12-21T11:51:22","guid":{"rendered":"https:\/\/norddeco.lt\/parduotuve\/non%20class\u00e9\/medinis-padekliukas-france-05\/"},"modified":"2024-03-14T15:14:54","modified_gmt":"2024-03-14T15:14:54","slug":"dessous-de-verre-en-bois-france-05","status":"publish","type":"product","link":"https:\/\/norddeco.lt\/fr\/magasin\/sous-verres-en-bois\/dessous-de-verre-en-bois-france-05\/","title":{"rendered":"Dessous de verre en bois France 05"},"content":{"rendered":"<p>MAT\u00c9RIAU: contreplaqu\u00e9 de bouleau.<\/p>\n<p>COULEUR: marron.<\/p>\n<p>DIMENSIONS: ~ 10 x 10 x 0,3 cm.<\/p>\n<p>Fabriqu\u00e9 en Lituanie.<\/p>\n<p>IMPORTANT. Les dessous de verre en bois sont fabriqu\u00e9s sur commande. Nous proposons \u00e9galement un emballage pour les ensembles de sous-verres.<\/p>\n","protected":false},"excerpt":{"rendered":"<p>MAT\u00c9RIAU: contreplaqu\u00e9 de bouleau.<br \/>\nCOULEUR: marron.<br \/>\nDIMENSIONS: ~ 10 x 10 x 0,3 cm.<\/p>\n<p>Fabriqu\u00e9 en Lituanie.<\/p>\n<p>IMPORTANT. Les dessous de verre en bois sont fabriqu\u00e9s sur commande. Nous proposons \u00e9galement un emballage pour les ensembles de sous-verres.<\/p>\n","protected":false},"featured_media":6011,"template":"","meta":[],"product_cat":[159,127],"product_tag":[],"class_list":{"0":"post-6585","1":"product","2":"type-product","3":"status-publish","4":"has-post-thumbnail","6":"product_cat-collection-francaise","7":"product_cat-sous-verres-en-bois","8":"pa_dydis-10cm-fr","10":"first","11":"instock","12":"purchasable","13":"product-type-simple"},"yoast_head":"<!-- This site is optimized with the Yoast SEO plugin v27.4 - https:\/\/yoast.com\/product\/yoast-seo-wordpress\/ -->\n<title>Dessous de verre en bois France 05 - NordDECO - Skandinavi\u0161ko Stiliaus Med\u017eio Gaminiai<\/title>\n<meta name=\"robots\" content=\"index, follow, max-snippet:-1, max-image-preview:large, max-video-preview:-1\" \/>\n<link rel=\"canonical\" href=\"https:\/\/norddeco.lt\/fr\/magasin\/sous-verres-en-bois\/dessous-de-verre-en-bois-france-05\/\" \/>\n<meta property=\"og:locale\" content=\"fr_FR\" \/>\n<meta property=\"og:type\" content=\"article\" \/>\n<meta property=\"og:title\" content=\"Dessous de verre en bois France 05 - NordDECO - Skandinavi\u0161ko Stiliaus Med\u017eio Gaminiai\" \/>\n<meta property=\"og:description\" content=\"MAT\u00c9RIAU: contreplaqu\u00e9 de bouleau. COULEUR: marron. DIMENSIONS: ~ 10 x 10 x 0,3 cm. Fabriqu\u00e9 en Lituanie. IMPORTANT. Les dessous de verre en bois sont fabriqu\u00e9s sur commande. Nous proposons \u00e9galement un emballage pour les ensembles de sous-verres.\" \/>\n<meta property=\"og:url\" content=\"https:\/\/norddeco.lt\/fr\/magasin\/sous-verres-en-bois\/dessous-de-verre-en-bois-france-05\/\" \/>\n<meta property=\"og:site_name\" content=\"NordDECO - Skandinavi\u0161ko Stiliaus Med\u017eio Gaminiai\" \/>\n<meta property=\"article:modified_time\" content=\"2024-03-14T15:14:54+00:00\" \/>\n<meta property=\"og:image\" content=\"https:\/\/norddeco.lt\/wp-content\/uploads\/2023\/12\/France-05.jpg\" \/>\n\t<meta property=\"og:image:width\" content=\"1000\" \/>\n\t<meta property=\"og:image:height\" content=\"1000\" \/>\n\t<meta property=\"og:image:type\" content=\"image\/jpeg\" \/>\n<meta name=\"twitter:card\" content=\"summary_large_image\" \/>\n<script type=\"application\/ld+json\" class=\"yoast-schema-graph\">{\"@context\":\"https:\\\/\\\/schema.org\",\"@graph\":[{\"@type\":\"WebPage\",\"@id\":\"https:\\\/\\\/norddeco.lt\\\/fr\\\/magasin\\\/sous-verres-en-bois\\\/dessous-de-verre-en-bois-france-05\\\/\",\"url\":\"https:\\\/\\\/norddeco.lt\\\/fr\\\/magasin\\\/sous-verres-en-bois\\\/dessous-de-verre-en-bois-france-05\\\/\",\"name\":\"Dessous de verre en bois France 05 - NordDECO - Skandinavi\u0161ko Stiliaus Med\u017eio Gaminiai\",\"isPartOf\":{\"@id\":\"https:\\\/\\\/norddeco.lt\\\/fr\\\/#website\"},\"primaryImageOfPage\":{\"@id\":\"https:\\\/\\\/norddeco.lt\\\/fr\\\/magasin\\\/sous-verres-en-bois\\\/dessous-de-verre-en-bois-france-05\\\/#primaryimage\"},\"image\":{\"@id\":\"https:\\\/\\\/norddeco.lt\\\/fr\\\/magasin\\\/sous-verres-en-bois\\\/dessous-de-verre-en-bois-france-05\\\/#primaryimage\"},\"thumbnailUrl\":\"https:\\\/\\\/norddeco.lt\\\/wp-content\\\/uploads\\\/2023\\\/12\\\/France-05.jpg\",\"datePublished\":\"2023-12-21T11:51:22+00:00\",\"dateModified\":\"2024-03-14T15:14:54+00:00\",\"breadcrumb\":{\"@id\":\"https:\\\/\\\/norddeco.lt\\\/fr\\\/magasin\\\/sous-verres-en-bois\\\/dessous-de-verre-en-bois-france-05\\\/#breadcrumb\"},\"inLanguage\":\"fr-FR\",\"potentialAction\":[{\"@type\":\"ReadAction\",\"target\":[\"https:\\\/\\\/norddeco.lt\\\/fr\\\/magasin\\\/sous-verres-en-bois\\\/dessous-de-verre-en-bois-france-05\\\/\"]}]},{\"@type\":\"ImageObject\",\"inLanguage\":\"fr-FR\",\"@id\":\"https:\\\/\\\/norddeco.lt\\\/fr\\\/magasin\\\/sous-verres-en-bois\\\/dessous-de-verre-en-bois-france-05\\\/#primaryimage\",\"url\":\"https:\\\/\\\/norddeco.lt\\\/wp-content\\\/uploads\\\/2023\\\/12\\\/France-05.jpg\",\"contentUrl\":\"https:\\\/\\\/norddeco.lt\\\/wp-content\\\/uploads\\\/2023\\\/12\\\/France-05.jpg\",\"width\":1000,\"height\":1000},{\"@type\":\"BreadcrumbList\",\"@id\":\"https:\\\/\\\/norddeco.lt\\\/fr\\\/magasin\\\/sous-verres-en-bois\\\/dessous-de-verre-en-bois-france-05\\\/#breadcrumb\",\"itemListElement\":[{\"@type\":\"ListItem\",\"position\":1,\"name\":\"Home\",\"item\":\"https:\\\/\\\/norddeco.lt\\\/fr\\\/\"},{\"@type\":\"ListItem\",\"position\":2,\"name\":\"Magasin\",\"item\":\"https:\\\/\\\/norddeco.lt\\\/fr\\\/magasin\\\/\"},{\"@type\":\"ListItem\",\"position\":3,\"name\":\"Dessous de verre en bois France 05\"}]},{\"@type\":\"WebSite\",\"@id\":\"https:\\\/\\\/norddeco.lt\\\/fr\\\/#website\",\"url\":\"https:\\\/\\\/norddeco.lt\\\/fr\\\/\",\"name\":\"NordDECO - Skandinavi\u0161ko Stiliaus Med\u017eio Gaminiai\",\"description\":\"\",\"publisher\":{\"@id\":\"https:\\\/\\\/norddeco.lt\\\/fr\\\/#organization\"},\"potentialAction\":[{\"@type\":\"SearchAction\",\"target\":{\"@type\":\"EntryPoint\",\"urlTemplate\":\"https:\\\/\\\/norddeco.lt\\\/fr\\\/?s={search_term_string}\"},\"query-input\":{\"@type\":\"PropertyValueSpecification\",\"valueRequired\":true,\"valueName\":\"search_term_string\"}}],\"inLanguage\":\"fr-FR\"},{\"@type\":\"Organization\",\"@id\":\"https:\\\/\\\/norddeco.lt\\\/fr\\\/#organization\",\"name\":\"NordDECO - Skandinavi\u0161ko Stiliaus Med\u017eio Gaminiai\",\"url\":\"https:\\\/\\\/norddeco.lt\\\/fr\\\/\",\"logo\":{\"@type\":\"ImageObject\",\"inLanguage\":\"fr-FR\",\"@id\":\"https:\\\/\\\/norddeco.lt\\\/fr\\\/#\\\/schema\\\/logo\\\/image\\\/\",\"url\":\"https:\\\/\\\/norddeco.lt\\\/wp-content\\\/uploads\\\/2023\\\/11\\\/NordDECO-logo-1024x724-1.png\",\"contentUrl\":\"https:\\\/\\\/norddeco.lt\\\/wp-content\\\/uploads\\\/2023\\\/11\\\/NordDECO-logo-1024x724-1.png\",\"width\":1024,\"height\":724,\"caption\":\"NordDECO - Skandinavi\u0161ko Stiliaus Med\u017eio Gaminiai\"},\"image\":{\"@id\":\"https:\\\/\\\/norddeco.lt\\\/fr\\\/#\\\/schema\\\/logo\\\/image\\\/\"}}]}<\/script>\n<!-- \/ Yoast SEO plugin. -->","yoast_head_json":{"title":"Dessous de verre en bois France 05 - NordDECO - Skandinavi\u0161ko Stiliaus Med\u017eio Gaminiai","robots":{"index":"index","follow":"follow","max-snippet":"max-snippet:-1","max-image-preview":"max-image-preview:large","max-video-preview":"max-video-preview:-1"},"canonical":"https:\/\/norddeco.lt\/fr\/magasin\/sous-verres-en-bois\/dessous-de-verre-en-bois-france-05\/","og_locale":"fr_FR","og_type":"article","og_title":"Dessous de verre en bois France 05 - NordDECO - Skandinavi\u0161ko Stiliaus Med\u017eio Gaminiai","og_description":"MAT\u00c9RIAU: contreplaqu\u00e9 de bouleau. COULEUR: marron. DIMENSIONS: ~ 10 x 10 x 0,3 cm. Fabriqu\u00e9 en Lituanie. IMPORTANT. Les dessous de verre en bois sont fabriqu\u00e9s sur commande. Nous proposons \u00e9galement un emballage pour les ensembles de sous-verres.","og_url":"https:\/\/norddeco.lt\/fr\/magasin\/sous-verres-en-bois\/dessous-de-verre-en-bois-france-05\/","og_site_name":"NordDECO - Skandinavi\u0161ko Stiliaus Med\u017eio Gaminiai","article_modified_time":"2024-03-14T15:14:54+00:00","og_image":[{"width":1000,"height":1000,"url":"https:\/\/norddeco.lt\/wp-content\/uploads\/2023\/12\/France-05.jpg","type":"image\/jpeg"}],"twitter_card":"summary_large_image","schema":{"@context":"https:\/\/schema.org","@graph":[{"@type":"WebPage","@id":"https:\/\/norddeco.lt\/fr\/magasin\/sous-verres-en-bois\/dessous-de-verre-en-bois-france-05\/","url":"https:\/\/norddeco.lt\/fr\/magasin\/sous-verres-en-bois\/dessous-de-verre-en-bois-france-05\/","name":"Dessous de verre en bois France 05 - NordDECO - Skandinavi\u0161ko Stiliaus Med\u017eio Gaminiai","isPartOf":{"@id":"https:\/\/norddeco.lt\/fr\/#website"},"primaryImageOfPage":{"@id":"https:\/\/norddeco.lt\/fr\/magasin\/sous-verres-en-bois\/dessous-de-verre-en-bois-france-05\/#primaryimage"},"image":{"@id":"https:\/\/norddeco.lt\/fr\/magasin\/sous-verres-en-bois\/dessous-de-verre-en-bois-france-05\/#primaryimage"},"thumbnailUrl":"https:\/\/norddeco.lt\/wp-content\/uploads\/2023\/12\/France-05.jpg","datePublished":"2023-12-21T11:51:22+00:00","dateModified":"2024-03-14T15:14:54+00:00","breadcrumb":{"@id":"https:\/\/norddeco.lt\/fr\/magasin\/sous-verres-en-bois\/dessous-de-verre-en-bois-france-05\/#breadcrumb"},"inLanguage":"fr-FR","potentialAction":[{"@type":"ReadAction","target":["https:\/\/norddeco.lt\/fr\/magasin\/sous-verres-en-bois\/dessous-de-verre-en-bois-france-05\/"]}]},{"@type":"ImageObject","inLanguage":"fr-FR","@id":"https:\/\/norddeco.lt\/fr\/magasin\/sous-verres-en-bois\/dessous-de-verre-en-bois-france-05\/#primaryimage","url":"https:\/\/norddeco.lt\/wp-content\/uploads\/2023\/12\/France-05.jpg","contentUrl":"https:\/\/norddeco.lt\/wp-content\/uploads\/2023\/12\/France-05.jpg","width":1000,"height":1000},{"@type":"BreadcrumbList","@id":"https:\/\/norddeco.lt\/fr\/magasin\/sous-verres-en-bois\/dessous-de-verre-en-bois-france-05\/#breadcrumb","itemListElement":[{"@type":"ListItem","position":1,"name":"Home","item":"https:\/\/norddeco.lt\/fr\/"},{"@type":"ListItem","position":2,"name":"Magasin","item":"https:\/\/norddeco.lt\/fr\/magasin\/"},{"@type":"ListItem","position":3,"name":"Dessous de verre en bois France 05"}]},{"@type":"WebSite","@id":"https:\/\/norddeco.lt\/fr\/#website","url":"https:\/\/norddeco.lt\/fr\/","name":"NordDECO - Skandinavi\u0161ko Stiliaus Med\u017eio Gaminiai","description":"","publisher":{"@id":"https:\/\/norddeco.lt\/fr\/#organization"},"potentialAction":[{"@type":"SearchAction","target":{"@type":"EntryPoint","urlTemplate":"https:\/\/norddeco.lt\/fr\/?s={search_term_string}"},"query-input":{"@type":"PropertyValueSpecification","valueRequired":true,"valueName":"search_term_string"}}],"inLanguage":"fr-FR"},{"@type":"Organization","@id":"https:\/\/norddeco.lt\/fr\/#organization","name":"NordDECO - Skandinavi\u0161ko Stiliaus Med\u017eio Gaminiai","url":"https:\/\/norddeco.lt\/fr\/","logo":{"@type":"ImageObject","inLanguage":"fr-FR","@id":"https:\/\/norddeco.lt\/fr\/#\/schema\/logo\/image\/","url":"https:\/\/norddeco.lt\/wp-content\/uploads\/2023\/11\/NordDECO-logo-1024x724-1.png","contentUrl":"https:\/\/norddeco.lt\/wp-content\/uploads\/2023\/11\/NordDECO-logo-1024x724-1.png","width":1024,"height":724,"caption":"NordDECO - Skandinavi\u0161ko Stiliaus Med\u017eio Gaminiai"},"image":{"@id":"https:\/\/norddeco.lt\/fr\/#\/schema\/logo\/image\/"}}]}},"_links":{"self":[{"href":"https:\/\/norddeco.lt\/fr\/wp-json\/wp\/v2\/product\/6585","targetHints":{"allow":["GET"]}}],"collection":[{"href":"https:\/\/norddeco.lt\/fr\/wp-json\/wp\/v2\/product"}],"about":[{"href":"https:\/\/norddeco.lt\/fr\/wp-json\/wp\/v2\/types\/product"}],"wp:featuredmedia":[{"embeddable":true,"href":"https:\/\/norddeco.lt\/fr\/wp-json\/wp\/v2\/media\/6011"}],"wp:attachment":[{"href":"https:\/\/norddeco.lt\/fr\/wp-json\/wp\/v2\/media?parent=6585"}],"wp:term":[{"taxonomy":"product_cat","embeddable":true,"href":"https:\/\/norddeco.lt\/fr\/wp-json\/wp\/v2\/product_cat?post=6585"},{"taxonomy":"product_tag","embeddable":true,"href":"https:\/\/norddeco.lt\/fr\/wp-json\/wp\/v2\/product_tag?post=6585"}],"curies":[{"name":"wp","href":"https:\/\/api.w.org\/{rel}","templated":true}]}}